{"id":782,"date":"2023-08-04T17:05:48","date_gmt":"2023-08-04T22:05:48","guid":{"rendered":"https:\/\/industriasim.niixer.com\/?post_type=product&#038;p=782"},"modified":"2023-08-04T17:05:56","modified_gmt":"2023-08-04T22:05:56","slug":"espejo-ref-2-2","status":"publish","type":"product","link":"https:\/\/industriasim.niixer.com\/index.php\/producto\/espejo-ref-2-2\/","title":{"rendered":"Espejo Ref 2"},"content":{"rendered":"<p>\u00a1Espejo mas colgador! Espejo con marco fabricado completamente en hierro con acabado en pintura electroest\u00e1tica. Incluye el colgador \u00a1Personal\u00edzalo como m\u00e1s te guste!<\/p>\n","protected":false},"excerpt":{"rendered":"<p>\u00a1Espejo mas colgador! Espejo con marco fabricado completamente en hierro con acabado en pintura electroest\u00e1tica. Incluye el colgador \u00a1Personal\u00edzalo como m\u00e1s te guste!\u00a1Espejo mas colgador! Espejo con marco fabricado completamente en hierro con acabado en pintura electroest\u00e1tica. Incluye el colgador \u00a1Personal\u00edzalo como m\u00e1s te guste!\u00a1Espejo mas colgador! Espejo con marco fabricado completamente en hierro con acabado en pintura electroest\u00e1tica. Incluye el colgador \u00a1Personal\u00edzalo como m\u00e1s te guste!<\/p>\n","protected":false},"featured_media":783,"comment_status":"open","ping_status":"closed","template":"","meta":[],"product_brand":[],"product_cat":[71],"product_tag":[73],"class_list":{"0":"post-782","1":"product","2":"type-product","3":"status-publish","4":"has-post-thumbnail","6":"product_cat-espejo","7":"product_tag-espejo","8":"post-thumbnail-displayed","10":"first","11":"instock","12":"taxable","13":"shipping-taxable","14":"purchasable","15":"product-type-simple"},"yoast_head":"<!-- This site is optimized with the Yoast SEO plugin v27.3 - https:\/\/yoast.com\/product\/yoast-seo-wordpress\/ -->\n<title>Espejo Ref 2 - Industrias IM<\/title>\n<meta name=\"robots\" content=\"noindex, follow, max-snippet:-1, max-image-preview:large, max-video-preview:-1\" \/>\n<meta property=\"og:locale\" content=\"es_ES\" \/>\n<meta property=\"og:type\" content=\"article\" \/>\n<meta property=\"og:title\" content=\"Espejo Ref 2 - Industrias IM\" \/>\n<meta property=\"og:description\" content=\"\u00a1Espejo mas colgador! Espejo con marco fabricado completamente en hierro con acabado en pintura electroest\u00e1tica. Incluye el colgador \u00a1Personal\u00edzalo como m\u00e1s te guste!\u00a1Espejo mas colgador! Espejo con marco fabricado completamente en hierro con acabado en pintura electroest\u00e1tica. Incluye el colgador \u00a1Personal\u00edzalo como m\u00e1s te guste!\u00a1Espejo mas colgador! Espejo con marco fabricado completamente en hierro con acabado en pintura electroest\u00e1tica. Incluye el colgador \u00a1Personal\u00edzalo como m\u00e1s te guste!\" \/>\n<meta property=\"og:url\" content=\"https:\/\/industriasim.niixer.com\/index.php\/producto\/espejo-ref-2-2\/\" \/>\n<meta property=\"og:site_name\" content=\"Industrias IM\" \/>\n<meta property=\"article:modified_time\" content=\"2023-08-04T22:05:56+00:00\" \/>\n<meta property=\"og:image\" content=\"http:\/\/industriasim.niixer.com\/wp-content\/uploads\/2023\/08\/Captura-de-pantalla-2023-08-04-165739.webp\" \/>\n\t<meta property=\"og:image:width\" content=\"577\" \/>\n\t<meta property=\"og:image:height\" content=\"635\" \/>\n\t<meta property=\"og:image:type\" content=\"image\/webp\" \/>\n<meta name=\"twitter:card\" content=\"summary_large_image\" \/>\n<meta name=\"twitter:label1\" content=\"Tiempo de lectura\" \/>\n\t<meta name=\"twitter:data1\" content=\"1 minuto\" \/>\n<script type=\"application\/ld+json\" class=\"yoast-schema-graph\">{\"@context\":\"https:\\\/\\\/schema.org\",\"@graph\":[{\"@type\":\"WebPage\",\"@id\":\"https:\\\/\\\/industriasim.niixer.com\\\/index.php\\\/producto\\\/espejo-ref-2-2\\\/\",\"url\":\"https:\\\/\\\/industriasim.niixer.com\\\/index.php\\\/producto\\\/espejo-ref-2-2\\\/\",\"name\":\"Espejo Ref 2 - Industrias IM\",\"isPartOf\":{\"@id\":\"https:\\\/\\\/industriasim.niixer.com\\\/#website\"},\"primaryImageOfPage\":{\"@id\":\"https:\\\/\\\/industriasim.niixer.com\\\/index.php\\\/producto\\\/espejo-ref-2-2\\\/#primaryimage\"},\"image\":{\"@id\":\"https:\\\/\\\/industriasim.niixer.com\\\/index.php\\\/producto\\\/espejo-ref-2-2\\\/#primaryimage\"},\"thumbnailUrl\":\"https:\\\/\\\/industriasim.niixer.com\\\/wp-content\\\/uploads\\\/2023\\\/08\\\/Captura-de-pantalla-2023-08-04-165739.webp\",\"datePublished\":\"2023-08-04T22:05:48+00:00\",\"dateModified\":\"2023-08-04T22:05:56+00:00\",\"breadcrumb\":{\"@id\":\"https:\\\/\\\/industriasim.niixer.com\\\/index.php\\\/producto\\\/espejo-ref-2-2\\\/#breadcrumb\"},\"inLanguage\":\"es\",\"potentialAction\":[{\"@type\":\"ReadAction\",\"target\":[\"https:\\\/\\\/industriasim.niixer.com\\\/index.php\\\/producto\\\/espejo-ref-2-2\\\/\"]}]},{\"@type\":\"ImageObject\",\"inLanguage\":\"es\",\"@id\":\"https:\\\/\\\/industriasim.niixer.com\\\/index.php\\\/producto\\\/espejo-ref-2-2\\\/#primaryimage\",\"url\":\"https:\\\/\\\/industriasim.niixer.com\\\/wp-content\\\/uploads\\\/2023\\\/08\\\/Captura-de-pantalla-2023-08-04-165739.webp\",\"contentUrl\":\"https:\\\/\\\/industriasim.niixer.com\\\/wp-content\\\/uploads\\\/2023\\\/08\\\/Captura-de-pantalla-2023-08-04-165739.webp\",\"width\":577,\"height\":635,\"caption\":\"espejo y colgador\"},{\"@type\":\"BreadcrumbList\",\"@id\":\"https:\\\/\\\/industriasim.niixer.com\\\/index.php\\\/producto\\\/espejo-ref-2-2\\\/#breadcrumb\",\"itemListElement\":[{\"@type\":\"ListItem\",\"position\":1,\"name\":\"Portada\",\"item\":\"https:\\\/\\\/industriasim.niixer.com\\\/\"},{\"@type\":\"ListItem\",\"position\":2,\"name\":\"Tienda\",\"item\":\"https:\\\/\\\/industriasim.niixer.com\\\/index.php\\\/tienda-2\\\/\"},{\"@type\":\"ListItem\",\"position\":3,\"name\":\"Espejo Ref 2\"}]},{\"@type\":\"WebSite\",\"@id\":\"https:\\\/\\\/industriasim.niixer.com\\\/#website\",\"url\":\"https:\\\/\\\/industriasim.niixer.com\\\/\",\"name\":\"Industrias IM\",\"description\":\"\u00bfTe imaginas vivir en un hogar que refleje tu personalidad, tu estilo y tus sue\u00f1os? En Industrias IM, creemos que cada espacio es una oportunidad para crear algo \u00fanico, c\u00f3modo y funcional.\",\"publisher\":{\"@id\":\"https:\\\/\\\/industriasim.niixer.com\\\/#organization\"},\"potentialAction\":[{\"@type\":\"SearchAction\",\"target\":{\"@type\":\"EntryPoint\",\"urlTemplate\":\"https:\\\/\\\/industriasim.niixer.com\\\/?s={search_term_string}\"},\"query-input\":{\"@type\":\"PropertyValueSpecification\",\"valueRequired\":true,\"valueName\":\"search_term_string\"}}],\"inLanguage\":\"es\"},{\"@type\":\"Organization\",\"@id\":\"https:\\\/\\\/industriasim.niixer.com\\\/#organization\",\"name\":\"Industrias IM\",\"alternateName\":\"Industrias IM\",\"url\":\"https:\\\/\\\/industriasim.niixer.com\\\/\",\"logo\":{\"@type\":\"ImageObject\",\"inLanguage\":\"es\",\"@id\":\"https:\\\/\\\/industriasim.niixer.com\\\/#\\\/schema\\\/logo\\\/image\\\/\",\"url\":\"https:\\\/\\\/industriasim.niixer.com\\\/wp-content\\\/uploads\\\/2023\\\/08\\\/cropped-cropped-WhatsApp_Image_2023-08-01_at_7.39.48_PM-removebg-preview-1.png\",\"contentUrl\":\"https:\\\/\\\/industriasim.niixer.com\\\/wp-content\\\/uploads\\\/2023\\\/08\\\/cropped-cropped-WhatsApp_Image_2023-08-01_at_7.39.48_PM-removebg-preview-1.png\",\"width\":512,\"height\":512,\"caption\":\"Industrias IM\"},\"image\":{\"@id\":\"https:\\\/\\\/industriasim.niixer.com\\\/#\\\/schema\\\/logo\\\/image\\\/\"}}]}<\/script>\n<!-- \/ Yoast SEO plugin. -->","yoast_head_json":{"title":"Espejo Ref 2 - Industrias IM","robots":{"index":"noindex","follow":"follow","max-snippet":"max-snippet:-1","max-image-preview":"max-image-preview:large","max-video-preview":"max-video-preview:-1"},"og_locale":"es_ES","og_type":"article","og_title":"Espejo Ref 2 - Industrias IM","og_description":"\u00a1Espejo mas colgador! Espejo con marco fabricado completamente en hierro con acabado en pintura electroest\u00e1tica. Incluye el colgador \u00a1Personal\u00edzalo como m\u00e1s te guste!\u00a1Espejo mas colgador! Espejo con marco fabricado completamente en hierro con acabado en pintura electroest\u00e1tica. Incluye el colgador \u00a1Personal\u00edzalo como m\u00e1s te guste!\u00a1Espejo mas colgador! Espejo con marco fabricado completamente en hierro con acabado en pintura electroest\u00e1tica. Incluye el colgador \u00a1Personal\u00edzalo como m\u00e1s te guste!","og_url":"https:\/\/industriasim.niixer.com\/index.php\/producto\/espejo-ref-2-2\/","og_site_name":"Industrias IM","article_modified_time":"2023-08-04T22:05:56+00:00","og_image":[{"width":577,"height":635,"url":"http:\/\/industriasim.niixer.com\/wp-content\/uploads\/2023\/08\/Captura-de-pantalla-2023-08-04-165739.webp","type":"image\/webp"}],"twitter_card":"summary_large_image","twitter_misc":{"Tiempo de lectura":"1 minuto"},"schema":{"@context":"https:\/\/schema.org","@graph":[{"@type":"WebPage","@id":"https:\/\/industriasim.niixer.com\/index.php\/producto\/espejo-ref-2-2\/","url":"https:\/\/industriasim.niixer.com\/index.php\/producto\/espejo-ref-2-2\/","name":"Espejo Ref 2 - Industrias IM","isPartOf":{"@id":"https:\/\/industriasim.niixer.com\/#website"},"primaryImageOfPage":{"@id":"https:\/\/industriasim.niixer.com\/index.php\/producto\/espejo-ref-2-2\/#primaryimage"},"image":{"@id":"https:\/\/industriasim.niixer.com\/index.php\/producto\/espejo-ref-2-2\/#primaryimage"},"thumbnailUrl":"https:\/\/industriasim.niixer.com\/wp-content\/uploads\/2023\/08\/Captura-de-pantalla-2023-08-04-165739.webp","datePublished":"2023-08-04T22:05:48+00:00","dateModified":"2023-08-04T22:05:56+00:00","breadcrumb":{"@id":"https:\/\/industriasim.niixer.com\/index.php\/producto\/espejo-ref-2-2\/#breadcrumb"},"inLanguage":"es","potentialAction":[{"@type":"ReadAction","target":["https:\/\/industriasim.niixer.com\/index.php\/producto\/espejo-ref-2-2\/"]}]},{"@type":"ImageObject","inLanguage":"es","@id":"https:\/\/industriasim.niixer.com\/index.php\/producto\/espejo-ref-2-2\/#primaryimage","url":"https:\/\/industriasim.niixer.com\/wp-content\/uploads\/2023\/08\/Captura-de-pantalla-2023-08-04-165739.webp","contentUrl":"https:\/\/industriasim.niixer.com\/wp-content\/uploads\/2023\/08\/Captura-de-pantalla-2023-08-04-165739.webp","width":577,"height":635,"caption":"espejo y colgador"},{"@type":"BreadcrumbList","@id":"https:\/\/industriasim.niixer.com\/index.php\/producto\/espejo-ref-2-2\/#breadcrumb","itemListElement":[{"@type":"ListItem","position":1,"name":"Portada","item":"https:\/\/industriasim.niixer.com\/"},{"@type":"ListItem","position":2,"name":"Tienda","item":"https:\/\/industriasim.niixer.com\/index.php\/tienda-2\/"},{"@type":"ListItem","position":3,"name":"Espejo Ref 2"}]},{"@type":"WebSite","@id":"https:\/\/industriasim.niixer.com\/#website","url":"https:\/\/industriasim.niixer.com\/","name":"Industrias IM","description":"\u00bfTe imaginas vivir en un hogar que refleje tu personalidad, tu estilo y tus sue\u00f1os? En Industrias IM, creemos que cada espacio es una oportunidad para crear algo \u00fanico, c\u00f3modo y funcional.","publisher":{"@id":"https:\/\/industriasim.niixer.com\/#organization"},"potentialAction":[{"@type":"SearchAction","target":{"@type":"EntryPoint","urlTemplate":"https:\/\/industriasim.niixer.com\/?s={search_term_string}"},"query-input":{"@type":"PropertyValueSpecification","valueRequired":true,"valueName":"search_term_string"}}],"inLanguage":"es"},{"@type":"Organization","@id":"https:\/\/industriasim.niixer.com\/#organization","name":"Industrias IM","alternateName":"Industrias IM","url":"https:\/\/industriasim.niixer.com\/","logo":{"@type":"ImageObject","inLanguage":"es","@id":"https:\/\/industriasim.niixer.com\/#\/schema\/logo\/image\/","url":"https:\/\/industriasim.niixer.com\/wp-content\/uploads\/2023\/08\/cropped-cropped-WhatsApp_Image_2023-08-01_at_7.39.48_PM-removebg-preview-1.png","contentUrl":"https:\/\/industriasim.niixer.com\/wp-content\/uploads\/2023\/08\/cropped-cropped-WhatsApp_Image_2023-08-01_at_7.39.48_PM-removebg-preview-1.png","width":512,"height":512,"caption":"Industrias IM"},"image":{"@id":"https:\/\/industriasim.niixer.com\/#\/schema\/logo\/image\/"}}]}},"_links":{"self":[{"href":"https:\/\/industriasim.niixer.com\/index.php\/wp-json\/wp\/v2\/product\/782","targetHints":{"allow":["GET"]}}],"collection":[{"href":"https:\/\/industriasim.niixer.com\/index.php\/wp-json\/wp\/v2\/product"}],"about":[{"href":"https:\/\/industriasim.niixer.com\/index.php\/wp-json\/wp\/v2\/types\/product"}],"replies":[{"embeddable":true,"href":"https:\/\/industriasim.niixer.com\/index.php\/wp-json\/wp\/v2\/comments?post=782"}],"wp:featuredmedia":[{"embeddable":true,"href":"https:\/\/industriasim.niixer.com\/index.php\/wp-json\/wp\/v2\/media\/783"}],"wp:attachment":[{"href":"https:\/\/industriasim.niixer.com\/index.php\/wp-json\/wp\/v2\/media?parent=782"}],"wp:term":[{"taxonomy":"product_brand","embeddable":true,"href":"https:\/\/industriasim.niixer.com\/index.php\/wp-json\/wp\/v2\/product_brand?post=782"},{"taxonomy":"product_cat","embeddable":true,"href":"https:\/\/industriasim.niixer.com\/index.php\/wp-json\/wp\/v2\/product_cat?post=782"},{"taxonomy":"product_tag","embeddable":true,"href":"https:\/\/industriasim.niixer.com\/index.php\/wp-json\/wp\/v2\/product_tag?post=782"}],"curies":[{"name":"wp","href":"https:\/\/api.w.org\/{rel}","templated":true}]}}