{"id":773,"date":"2023-08-04T16:55:47","date_gmt":"2023-08-04T21:55:47","guid":{"rendered":"https:\/\/industriasim.niixer.com\/?post_type=product&#038;p=773"},"modified":"2023-08-04T16:55:57","modified_gmt":"2023-08-04T21:55:57","slug":"mesa-ref-2","status":"publish","type":"product","link":"https:\/\/industriasim.niixer.com\/index.php\/producto\/mesa-ref-2\/","title":{"rendered":"Mesa Ref 2"},"content":{"rendered":"<p>P\u00eddelas en cualquiera de sus dos versiones, Estructura fabricada completamente en hierro acabado en pintura electroest\u00e1tica incluye (1) un caj\u00f3n en madera con bastante espacio interno de almacenaje, entrepa\u00f1o en metal o en madera. <\/p>\n","protected":false},"excerpt":{"rendered":"<p>Nuestras BEST SELLER, son \u00a1El complemento perfecto para tus espacios! P\u00eddelas en cualquiera de sus dos versiones, Estructura fabricada completamente en hierro acabado en pintura electroest\u00e1tica incluye (1) un caj\u00f3n en madera con bastante espacio interno de almacenaje, entrepa\u00f1o en metal o en madera. <\/p>\n<p>\u00a1Personal\u00edzala como m\u00e1s te guste!Nuestras BEST SELLER, son \u00a1El complemento perfecto para tus espacios! P\u00eddelas en cualquiera de sus dos versiones, Estructura fabricada completamente en hierro acabado en pintura electroest\u00e1tica incluye (1) un caj\u00f3n en madera con bastante espacio interno de almacenaje, entrepa\u00f1o en metal o en madera. <\/p>\n<p>\u00a1Personal\u00edzala como m\u00e1s te guste!<\/p>\n","protected":false},"featured_media":779,"comment_status":"open","ping_status":"closed","template":"","meta":[],"product_brand":[],"product_cat":[54],"product_tag":[55],"class_list":{"0":"post-773","1":"product","2":"type-product","3":"status-publish","4":"has-post-thumbnail","6":"product_cat-mesa","7":"product_tag-mesa-de-noche","8":"post-thumbnail-displayed","10":"first","11":"instock","12":"taxable","13":"shipping-taxable","14":"purchasable","15":"product-type-variable"},"yoast_head":"<!-- This site is optimized with the Yoast SEO plugin v27.3 - https:\/\/yoast.com\/product\/yoast-seo-wordpress\/ -->\n<title>Mesa Ref 2 - Industrias IM<\/title>\n<meta name=\"robots\" content=\"noindex, follow, max-snippet:-1, max-image-preview:large, max-video-preview:-1\" \/>\n<meta property=\"og:locale\" content=\"es_ES\" \/>\n<meta property=\"og:type\" content=\"article\" \/>\n<meta property=\"og:title\" content=\"Mesa Ref 2 - Industrias IM\" \/>\n<meta property=\"og:description\" content=\"Nuestras BEST SELLER, son \u00a1El complemento perfecto para tus espacios! P\u00eddelas en cualquiera de sus dos versiones, Estructura fabricada completamente en hierro acabado en pintura electroest\u00e1tica incluye (1) un caj\u00f3n en madera con bastante espacio interno de almacenaje, entrepa\u00f1o en metal o en madera.   \u00a1Personal\u00edzala como m\u00e1s te guste!Nuestras BEST SELLER, son \u00a1El complemento perfecto para tus espacios! P\u00eddelas en cualquiera de sus dos versiones, Estructura fabricada completamente en hierro acabado en pintura electroest\u00e1tica incluye (1) un caj\u00f3n en madera con bastante espacio interno de almacenaje, entrepa\u00f1o en metal o en madera.   \u00a1Personal\u00edzala como m\u00e1s te guste!\" \/>\n<meta property=\"og:url\" content=\"https:\/\/industriasim.niixer.com\/index.php\/producto\/mesa-ref-2\/\" \/>\n<meta property=\"og:site_name\" content=\"Industrias IM\" \/>\n<meta property=\"article:modified_time\" content=\"2023-08-04T21:55:57+00:00\" \/>\n<meta property=\"og:image\" content=\"http:\/\/industriasim.niixer.com\/wp-content\/uploads\/2023\/08\/m1.png\" \/>\n\t<meta property=\"og:image:width\" content=\"561\" \/>\n\t<meta property=\"og:image:height\" content=\"533\" \/>\n\t<meta property=\"og:image:type\" content=\"image\/png\" \/>\n<meta name=\"twitter:card\" content=\"summary_large_image\" \/>\n<meta name=\"twitter:label1\" content=\"Tiempo de lectura\" \/>\n\t<meta name=\"twitter:data1\" content=\"1 minuto\" \/>\n<script type=\"application\/ld+json\" class=\"yoast-schema-graph\">{\"@context\":\"https:\\\/\\\/schema.org\",\"@graph\":[{\"@type\":\"WebPage\",\"@id\":\"https:\\\/\\\/industriasim.niixer.com\\\/index.php\\\/producto\\\/mesa-ref-2\\\/\",\"url\":\"https:\\\/\\\/industriasim.niixer.com\\\/index.php\\\/producto\\\/mesa-ref-2\\\/\",\"name\":\"Mesa Ref 2 - Industrias IM\",\"isPartOf\":{\"@id\":\"https:\\\/\\\/industriasim.niixer.com\\\/#website\"},\"primaryImageOfPage\":{\"@id\":\"https:\\\/\\\/industriasim.niixer.com\\\/index.php\\\/producto\\\/mesa-ref-2\\\/#primaryimage\"},\"image\":{\"@id\":\"https:\\\/\\\/industriasim.niixer.com\\\/index.php\\\/producto\\\/mesa-ref-2\\\/#primaryimage\"},\"thumbnailUrl\":\"https:\\\/\\\/industriasim.niixer.com\\\/wp-content\\\/uploads\\\/2023\\\/08\\\/m1.png\",\"datePublished\":\"2023-08-04T21:55:47+00:00\",\"dateModified\":\"2023-08-04T21:55:57+00:00\",\"breadcrumb\":{\"@id\":\"https:\\\/\\\/industriasim.niixer.com\\\/index.php\\\/producto\\\/mesa-ref-2\\\/#breadcrumb\"},\"inLanguage\":\"es\",\"potentialAction\":[{\"@type\":\"ReadAction\",\"target\":[\"https:\\\/\\\/industriasim.niixer.com\\\/index.php\\\/producto\\\/mesa-ref-2\\\/\"]}]},{\"@type\":\"ImageObject\",\"inLanguage\":\"es\",\"@id\":\"https:\\\/\\\/industriasim.niixer.com\\\/index.php\\\/producto\\\/mesa-ref-2\\\/#primaryimage\",\"url\":\"https:\\\/\\\/industriasim.niixer.com\\\/wp-content\\\/uploads\\\/2023\\\/08\\\/m1.png\",\"contentUrl\":\"https:\\\/\\\/industriasim.niixer.com\\\/wp-content\\\/uploads\\\/2023\\\/08\\\/m1.png\",\"width\":561,\"height\":533,\"caption\":\"dos mesas de noche\"},{\"@type\":\"BreadcrumbList\",\"@id\":\"https:\\\/\\\/industriasim.niixer.com\\\/index.php\\\/producto\\\/mesa-ref-2\\\/#breadcrumb\",\"itemListElement\":[{\"@type\":\"ListItem\",\"position\":1,\"name\":\"Portada\",\"item\":\"https:\\\/\\\/industriasim.niixer.com\\\/\"},{\"@type\":\"ListItem\",\"position\":2,\"name\":\"Tienda\",\"item\":\"https:\\\/\\\/industriasim.niixer.com\\\/index.php\\\/tienda-2\\\/\"},{\"@type\":\"ListItem\",\"position\":3,\"name\":\"Mesa Ref 2\"}]},{\"@type\":\"WebSite\",\"@id\":\"https:\\\/\\\/industriasim.niixer.com\\\/#website\",\"url\":\"https:\\\/\\\/industriasim.niixer.com\\\/\",\"name\":\"Industrias IM\",\"description\":\"\u00bfTe imaginas vivir en un hogar que refleje tu personalidad, tu estilo y tus sue\u00f1os? En Industrias IM, creemos que cada espacio es una oportunidad para crear algo \u00fanico, c\u00f3modo y funcional.\",\"publisher\":{\"@id\":\"https:\\\/\\\/industriasim.niixer.com\\\/#organization\"},\"potentialAction\":[{\"@type\":\"SearchAction\",\"target\":{\"@type\":\"EntryPoint\",\"urlTemplate\":\"https:\\\/\\\/industriasim.niixer.com\\\/?s={search_term_string}\"},\"query-input\":{\"@type\":\"PropertyValueSpecification\",\"valueRequired\":true,\"valueName\":\"search_term_string\"}}],\"inLanguage\":\"es\"},{\"@type\":\"Organization\",\"@id\":\"https:\\\/\\\/industriasim.niixer.com\\\/#organization\",\"name\":\"Industrias IM\",\"alternateName\":\"Industrias IM\",\"url\":\"https:\\\/\\\/industriasim.niixer.com\\\/\",\"logo\":{\"@type\":\"ImageObject\",\"inLanguage\":\"es\",\"@id\":\"https:\\\/\\\/industriasim.niixer.com\\\/#\\\/schema\\\/logo\\\/image\\\/\",\"url\":\"https:\\\/\\\/industriasim.niixer.com\\\/wp-content\\\/uploads\\\/2023\\\/08\\\/cropped-cropped-WhatsApp_Image_2023-08-01_at_7.39.48_PM-removebg-preview-1.png\",\"contentUrl\":\"https:\\\/\\\/industriasim.niixer.com\\\/wp-content\\\/uploads\\\/2023\\\/08\\\/cropped-cropped-WhatsApp_Image_2023-08-01_at_7.39.48_PM-removebg-preview-1.png\",\"width\":512,\"height\":512,\"caption\":\"Industrias IM\"},\"image\":{\"@id\":\"https:\\\/\\\/industriasim.niixer.com\\\/#\\\/schema\\\/logo\\\/image\\\/\"}}]}<\/script>\n<!-- \/ Yoast SEO plugin. -->","yoast_head_json":{"title":"Mesa Ref 2 - Industrias IM","robots":{"index":"noindex","follow":"follow","max-snippet":"max-snippet:-1","max-image-preview":"max-image-preview:large","max-video-preview":"max-video-preview:-1"},"og_locale":"es_ES","og_type":"article","og_title":"Mesa Ref 2 - Industrias IM","og_description":"Nuestras BEST SELLER, son \u00a1El complemento perfecto para tus espacios! P\u00eddelas en cualquiera de sus dos versiones, Estructura fabricada completamente en hierro acabado en pintura electroest\u00e1tica incluye (1) un caj\u00f3n en madera con bastante espacio interno de almacenaje, entrepa\u00f1o en metal o en madera.   \u00a1Personal\u00edzala como m\u00e1s te guste!Nuestras BEST SELLER, son \u00a1El complemento perfecto para tus espacios! P\u00eddelas en cualquiera de sus dos versiones, Estructura fabricada completamente en hierro acabado en pintura electroest\u00e1tica incluye (1) un caj\u00f3n en madera con bastante espacio interno de almacenaje, entrepa\u00f1o en metal o en madera.   \u00a1Personal\u00edzala como m\u00e1s te guste!","og_url":"https:\/\/industriasim.niixer.com\/index.php\/producto\/mesa-ref-2\/","og_site_name":"Industrias IM","article_modified_time":"2023-08-04T21:55:57+00:00","og_image":[{"width":561,"height":533,"url":"http:\/\/industriasim.niixer.com\/wp-content\/uploads\/2023\/08\/m1.png","type":"image\/png"}],"twitter_card":"summary_large_image","twitter_misc":{"Tiempo de lectura":"1 minuto"},"schema":{"@context":"https:\/\/schema.org","@graph":[{"@type":"WebPage","@id":"https:\/\/industriasim.niixer.com\/index.php\/producto\/mesa-ref-2\/","url":"https:\/\/industriasim.niixer.com\/index.php\/producto\/mesa-ref-2\/","name":"Mesa Ref 2 - Industrias IM","isPartOf":{"@id":"https:\/\/industriasim.niixer.com\/#website"},"primaryImageOfPage":{"@id":"https:\/\/industriasim.niixer.com\/index.php\/producto\/mesa-ref-2\/#primaryimage"},"image":{"@id":"https:\/\/industriasim.niixer.com\/index.php\/producto\/mesa-ref-2\/#primaryimage"},"thumbnailUrl":"https:\/\/industriasim.niixer.com\/wp-content\/uploads\/2023\/08\/m1.png","datePublished":"2023-08-04T21:55:47+00:00","dateModified":"2023-08-04T21:55:57+00:00","breadcrumb":{"@id":"https:\/\/industriasim.niixer.com\/index.php\/producto\/mesa-ref-2\/#breadcrumb"},"inLanguage":"es","potentialAction":[{"@type":"ReadAction","target":["https:\/\/industriasim.niixer.com\/index.php\/producto\/mesa-ref-2\/"]}]},{"@type":"ImageObject","inLanguage":"es","@id":"https:\/\/industriasim.niixer.com\/index.php\/producto\/mesa-ref-2\/#primaryimage","url":"https:\/\/industriasim.niixer.com\/wp-content\/uploads\/2023\/08\/m1.png","contentUrl":"https:\/\/industriasim.niixer.com\/wp-content\/uploads\/2023\/08\/m1.png","width":561,"height":533,"caption":"dos mesas de noche"},{"@type":"BreadcrumbList","@id":"https:\/\/industriasim.niixer.com\/index.php\/producto\/mesa-ref-2\/#breadcrumb","itemListElement":[{"@type":"ListItem","position":1,"name":"Portada","item":"https:\/\/industriasim.niixer.com\/"},{"@type":"ListItem","position":2,"name":"Tienda","item":"https:\/\/industriasim.niixer.com\/index.php\/tienda-2\/"},{"@type":"ListItem","position":3,"name":"Mesa Ref 2"}]},{"@type":"WebSite","@id":"https:\/\/industriasim.niixer.com\/#website","url":"https:\/\/industriasim.niixer.com\/","name":"Industrias IM","description":"\u00bfTe imaginas vivir en un hogar que refleje tu personalidad, tu estilo y tus sue\u00f1os? En Industrias IM, creemos que cada espacio es una oportunidad para crear algo \u00fanico, c\u00f3modo y funcional.","publisher":{"@id":"https:\/\/industriasim.niixer.com\/#organization"},"potentialAction":[{"@type":"SearchAction","target":{"@type":"EntryPoint","urlTemplate":"https:\/\/industriasim.niixer.com\/?s={search_term_string}"},"query-input":{"@type":"PropertyValueSpecification","valueRequired":true,"valueName":"search_term_string"}}],"inLanguage":"es"},{"@type":"Organization","@id":"https:\/\/industriasim.niixer.com\/#organization","name":"Industrias IM","alternateName":"Industrias IM","url":"https:\/\/industriasim.niixer.com\/","logo":{"@type":"ImageObject","inLanguage":"es","@id":"https:\/\/industriasim.niixer.com\/#\/schema\/logo\/image\/","url":"https:\/\/industriasim.niixer.com\/wp-content\/uploads\/2023\/08\/cropped-cropped-WhatsApp_Image_2023-08-01_at_7.39.48_PM-removebg-preview-1.png","contentUrl":"https:\/\/industriasim.niixer.com\/wp-content\/uploads\/2023\/08\/cropped-cropped-WhatsApp_Image_2023-08-01_at_7.39.48_PM-removebg-preview-1.png","width":512,"height":512,"caption":"Industrias IM"},"image":{"@id":"https:\/\/industriasim.niixer.com\/#\/schema\/logo\/image\/"}}]}},"_links":{"self":[{"href":"https:\/\/industriasim.niixer.com\/index.php\/wp-json\/wp\/v2\/product\/773","targetHints":{"allow":["GET"]}}],"collection":[{"href":"https:\/\/industriasim.niixer.com\/index.php\/wp-json\/wp\/v2\/product"}],"about":[{"href":"https:\/\/industriasim.niixer.com\/index.php\/wp-json\/wp\/v2\/types\/product"}],"replies":[{"embeddable":true,"href":"https:\/\/industriasim.niixer.com\/index.php\/wp-json\/wp\/v2\/comments?post=773"}],"wp:featuredmedia":[{"embeddable":true,"href":"https:\/\/industriasim.niixer.com\/index.php\/wp-json\/wp\/v2\/media\/779"}],"wp:attachment":[{"href":"https:\/\/industriasim.niixer.com\/index.php\/wp-json\/wp\/v2\/media?parent=773"}],"wp:term":[{"taxonomy":"product_brand","embeddable":true,"href":"https:\/\/industriasim.niixer.com\/index.php\/wp-json\/wp\/v2\/product_brand?post=773"},{"taxonomy":"product_cat","embeddable":true,"href":"https:\/\/industriasim.niixer.com\/index.php\/wp-json\/wp\/v2\/product_cat?post=773"},{"taxonomy":"product_tag","embeddable":true,"href":"https:\/\/industriasim.niixer.com\/index.php\/wp-json\/wp\/v2\/product_tag?post=773"}],"curies":[{"name":"wp","href":"https:\/\/api.w.org\/{rel}","templated":true}]}}