{"id":596,"date":"2023-08-02T19:28:24","date_gmt":"2023-08-03T00:28:24","guid":{"rendered":"https:\/\/industriasim.niixer.com\/?post_type=product&#038;p=596"},"modified":"2023-08-02T19:30:53","modified_gmt":"2023-08-03T00:30:53","slug":"mesa-decorativa-d84","status":"publish","type":"product","link":"https:\/\/industriasim.niixer.com\/index.php\/producto\/mesa-decorativa-d84\/","title":{"rendered":"Mesa decorativa D84"},"content":{"rendered":"<p>Esta mesa decorativa es el complemento perfecto para tu hogar. Est\u00e1 fabricada en acero de color negro, lo que le da un toque moderno y elegante. Tiene una superficie redonda y lisa, donde podr\u00e1s colocar tus objetos decorativos, velas, plantas o lo que quieras. Su dise\u00f1o es sencillo y minimalista, y se adapta a cualquier espacio. Adem\u00e1s, es f\u00e1cil de montar y limpiar.<\/p>\n","protected":false},"excerpt":{"rendered":"<p>Aprovecha esta oportunidad y consigue esta mesa al mejor precio. \u00a1No te arrepentir\u00e1s!<\/p>\n","protected":false},"featured_media":597,"comment_status":"open","ping_status":"closed","template":"","meta":[],"product_brand":[],"product_cat":[54],"product_tag":[55,69],"class_list":{"0":"post-596","1":"product","2":"type-product","3":"status-publish","4":"has-post-thumbnail","6":"product_cat-mesa","7":"product_tag-mesa-de-noche","8":"product_tag-mesa-decorativa","9":"post-thumbnail-displayed","11":"first","12":"instock","13":"sale","14":"taxable","15":"shipping-taxable","16":"purchasable","17":"product-type-simple"},"yoast_head":"<!-- This site is optimized with the Yoast SEO plugin v27.3 - https:\/\/yoast.com\/product\/yoast-seo-wordpress\/ -->\n<title>Mesa decorativa D84 - Industrias IM<\/title>\n<meta name=\"robots\" content=\"noindex, follow, max-snippet:-1, max-image-preview:large, max-video-preview:-1\" \/>\n<meta property=\"og:locale\" content=\"es_ES\" \/>\n<meta property=\"og:type\" content=\"article\" \/>\n<meta property=\"og:title\" content=\"Mesa decorativa D84 - Industrias IM\" \/>\n<meta property=\"og:description\" content=\"Aprovecha esta oportunidad y consigue esta mesa al mejor precio. \u00a1No te arrepentir\u00e1s!\" \/>\n<meta property=\"og:url\" content=\"https:\/\/industriasim.niixer.com\/index.php\/producto\/mesa-decorativa-d84\/\" \/>\n<meta property=\"og:site_name\" content=\"Industrias IM\" \/>\n<meta property=\"article:modified_time\" content=\"2023-08-03T00:30:53+00:00\" \/>\n<meta property=\"og:image\" content=\"https:\/\/industriasim.niixer.com\/wp-content\/uploads\/2023\/08\/228455466-6193867625475690268-n-1080.webp\" \/>\n\t<meta property=\"og:image:width\" content=\"1080\" \/>\n\t<meta property=\"og:image:height\" content=\"1080\" \/>\n\t<meta property=\"og:image:type\" content=\"image\/webp\" \/>\n<meta name=\"twitter:card\" content=\"summary_large_image\" \/>\n<script type=\"application\/ld+json\" class=\"yoast-schema-graph\">{\"@context\":\"https:\\\/\\\/schema.org\",\"@graph\":[{\"@type\":\"WebPage\",\"@id\":\"https:\\\/\\\/industriasim.niixer.com\\\/index.php\\\/producto\\\/mesa-decorativa-d84\\\/\",\"url\":\"https:\\\/\\\/industriasim.niixer.com\\\/index.php\\\/producto\\\/mesa-decorativa-d84\\\/\",\"name\":\"Mesa decorativa D84 - Industrias IM\",\"isPartOf\":{\"@id\":\"https:\\\/\\\/industriasim.niixer.com\\\/#website\"},\"primaryImageOfPage\":{\"@id\":\"https:\\\/\\\/industriasim.niixer.com\\\/index.php\\\/producto\\\/mesa-decorativa-d84\\\/#primaryimage\"},\"image\":{\"@id\":\"https:\\\/\\\/industriasim.niixer.com\\\/index.php\\\/producto\\\/mesa-decorativa-d84\\\/#primaryimage\"},\"thumbnailUrl\":\"https:\\\/\\\/industriasim.niixer.com\\\/wp-content\\\/uploads\\\/2023\\\/08\\\/228455466-6193867625475690268-n-1080.webp\",\"datePublished\":\"2023-08-03T00:28:24+00:00\",\"dateModified\":\"2023-08-03T00:30:53+00:00\",\"breadcrumb\":{\"@id\":\"https:\\\/\\\/industriasim.niixer.com\\\/index.php\\\/producto\\\/mesa-decorativa-d84\\\/#breadcrumb\"},\"inLanguage\":\"es\",\"potentialAction\":[{\"@type\":\"ReadAction\",\"target\":[\"https:\\\/\\\/industriasim.niixer.com\\\/index.php\\\/producto\\\/mesa-decorativa-d84\\\/\"]}]},{\"@type\":\"ImageObject\",\"inLanguage\":\"es\",\"@id\":\"https:\\\/\\\/industriasim.niixer.com\\\/index.php\\\/producto\\\/mesa-decorativa-d84\\\/#primaryimage\",\"url\":\"https:\\\/\\\/industriasim.niixer.com\\\/wp-content\\\/uploads\\\/2023\\\/08\\\/228455466-6193867625475690268-n-1080.webp\",\"contentUrl\":\"https:\\\/\\\/industriasim.niixer.com\\\/wp-content\\\/uploads\\\/2023\\\/08\\\/228455466-6193867625475690268-n-1080.webp\",\"width\":1080,\"height\":1080,\"caption\":\"Mesa decorativa\"},{\"@type\":\"BreadcrumbList\",\"@id\":\"https:\\\/\\\/industriasim.niixer.com\\\/index.php\\\/producto\\\/mesa-decorativa-d84\\\/#breadcrumb\",\"itemListElement\":[{\"@type\":\"ListItem\",\"position\":1,\"name\":\"Portada\",\"item\":\"https:\\\/\\\/industriasim.niixer.com\\\/\"},{\"@type\":\"ListItem\",\"position\":2,\"name\":\"Tienda\",\"item\":\"https:\\\/\\\/industriasim.niixer.com\\\/index.php\\\/tienda-2\\\/\"},{\"@type\":\"ListItem\",\"position\":3,\"name\":\"Mesa decorativa D84\"}]},{\"@type\":\"WebSite\",\"@id\":\"https:\\\/\\\/industriasim.niixer.com\\\/#website\",\"url\":\"https:\\\/\\\/industriasim.niixer.com\\\/\",\"name\":\"Industrias IM\",\"description\":\"\u00bfTe imaginas vivir en un hogar que refleje tu personalidad, tu estilo y tus sue\u00f1os? En Industrias IM, creemos que cada espacio es una oportunidad para crear algo \u00fanico, c\u00f3modo y funcional.\",\"publisher\":{\"@id\":\"https:\\\/\\\/industriasim.niixer.com\\\/#organization\"},\"potentialAction\":[{\"@type\":\"SearchAction\",\"target\":{\"@type\":\"EntryPoint\",\"urlTemplate\":\"https:\\\/\\\/industriasim.niixer.com\\\/?s={search_term_string}\"},\"query-input\":{\"@type\":\"PropertyValueSpecification\",\"valueRequired\":true,\"valueName\":\"search_term_string\"}}],\"inLanguage\":\"es\"},{\"@type\":\"Organization\",\"@id\":\"https:\\\/\\\/industriasim.niixer.com\\\/#organization\",\"name\":\"Industrias IM\",\"alternateName\":\"Industrias IM\",\"url\":\"https:\\\/\\\/industriasim.niixer.com\\\/\",\"logo\":{\"@type\":\"ImageObject\",\"inLanguage\":\"es\",\"@id\":\"https:\\\/\\\/industriasim.niixer.com\\\/#\\\/schema\\\/logo\\\/image\\\/\",\"url\":\"https:\\\/\\\/industriasim.niixer.com\\\/wp-content\\\/uploads\\\/2023\\\/08\\\/cropped-cropped-WhatsApp_Image_2023-08-01_at_7.39.48_PM-removebg-preview-1.png\",\"contentUrl\":\"https:\\\/\\\/industriasim.niixer.com\\\/wp-content\\\/uploads\\\/2023\\\/08\\\/cropped-cropped-WhatsApp_Image_2023-08-01_at_7.39.48_PM-removebg-preview-1.png\",\"width\":512,\"height\":512,\"caption\":\"Industrias IM\"},\"image\":{\"@id\":\"https:\\\/\\\/industriasim.niixer.com\\\/#\\\/schema\\\/logo\\\/image\\\/\"}}]}<\/script>\n<!-- \/ Yoast SEO plugin. -->","yoast_head_json":{"title":"Mesa decorativa D84 - Industrias IM","robots":{"index":"noindex","follow":"follow","max-snippet":"max-snippet:-1","max-image-preview":"max-image-preview:large","max-video-preview":"max-video-preview:-1"},"og_locale":"es_ES","og_type":"article","og_title":"Mesa decorativa D84 - Industrias IM","og_description":"Aprovecha esta oportunidad y consigue esta mesa al mejor precio. \u00a1No te arrepentir\u00e1s!","og_url":"https:\/\/industriasim.niixer.com\/index.php\/producto\/mesa-decorativa-d84\/","og_site_name":"Industrias IM","article_modified_time":"2023-08-03T00:30:53+00:00","og_image":[{"width":1080,"height":1080,"url":"https:\/\/industriasim.niixer.com\/wp-content\/uploads\/2023\/08\/228455466-6193867625475690268-n-1080.webp","type":"image\/webp"}],"twitter_card":"summary_large_image","schema":{"@context":"https:\/\/schema.org","@graph":[{"@type":"WebPage","@id":"https:\/\/industriasim.niixer.com\/index.php\/producto\/mesa-decorativa-d84\/","url":"https:\/\/industriasim.niixer.com\/index.php\/producto\/mesa-decorativa-d84\/","name":"Mesa decorativa D84 - Industrias IM","isPartOf":{"@id":"https:\/\/industriasim.niixer.com\/#website"},"primaryImageOfPage":{"@id":"https:\/\/industriasim.niixer.com\/index.php\/producto\/mesa-decorativa-d84\/#primaryimage"},"image":{"@id":"https:\/\/industriasim.niixer.com\/index.php\/producto\/mesa-decorativa-d84\/#primaryimage"},"thumbnailUrl":"https:\/\/industriasim.niixer.com\/wp-content\/uploads\/2023\/08\/228455466-6193867625475690268-n-1080.webp","datePublished":"2023-08-03T00:28:24+00:00","dateModified":"2023-08-03T00:30:53+00:00","breadcrumb":{"@id":"https:\/\/industriasim.niixer.com\/index.php\/producto\/mesa-decorativa-d84\/#breadcrumb"},"inLanguage":"es","potentialAction":[{"@type":"ReadAction","target":["https:\/\/industriasim.niixer.com\/index.php\/producto\/mesa-decorativa-d84\/"]}]},{"@type":"ImageObject","inLanguage":"es","@id":"https:\/\/industriasim.niixer.com\/index.php\/producto\/mesa-decorativa-d84\/#primaryimage","url":"https:\/\/industriasim.niixer.com\/wp-content\/uploads\/2023\/08\/228455466-6193867625475690268-n-1080.webp","contentUrl":"https:\/\/industriasim.niixer.com\/wp-content\/uploads\/2023\/08\/228455466-6193867625475690268-n-1080.webp","width":1080,"height":1080,"caption":"Mesa decorativa"},{"@type":"BreadcrumbList","@id":"https:\/\/industriasim.niixer.com\/index.php\/producto\/mesa-decorativa-d84\/#breadcrumb","itemListElement":[{"@type":"ListItem","position":1,"name":"Portada","item":"https:\/\/industriasim.niixer.com\/"},{"@type":"ListItem","position":2,"name":"Tienda","item":"https:\/\/industriasim.niixer.com\/index.php\/tienda-2\/"},{"@type":"ListItem","position":3,"name":"Mesa decorativa D84"}]},{"@type":"WebSite","@id":"https:\/\/industriasim.niixer.com\/#website","url":"https:\/\/industriasim.niixer.com\/","name":"Industrias IM","description":"\u00bfTe imaginas vivir en un hogar que refleje tu personalidad, tu estilo y tus sue\u00f1os? En Industrias IM, creemos que cada espacio es una oportunidad para crear algo \u00fanico, c\u00f3modo y funcional.","publisher":{"@id":"https:\/\/industriasim.niixer.com\/#organization"},"potentialAction":[{"@type":"SearchAction","target":{"@type":"EntryPoint","urlTemplate":"https:\/\/industriasim.niixer.com\/?s={search_term_string}"},"query-input":{"@type":"PropertyValueSpecification","valueRequired":true,"valueName":"search_term_string"}}],"inLanguage":"es"},{"@type":"Organization","@id":"https:\/\/industriasim.niixer.com\/#organization","name":"Industrias IM","alternateName":"Industrias IM","url":"https:\/\/industriasim.niixer.com\/","logo":{"@type":"ImageObject","inLanguage":"es","@id":"https:\/\/industriasim.niixer.com\/#\/schema\/logo\/image\/","url":"https:\/\/industriasim.niixer.com\/wp-content\/uploads\/2023\/08\/cropped-cropped-WhatsApp_Image_2023-08-01_at_7.39.48_PM-removebg-preview-1.png","contentUrl":"https:\/\/industriasim.niixer.com\/wp-content\/uploads\/2023\/08\/cropped-cropped-WhatsApp_Image_2023-08-01_at_7.39.48_PM-removebg-preview-1.png","width":512,"height":512,"caption":"Industrias IM"},"image":{"@id":"https:\/\/industriasim.niixer.com\/#\/schema\/logo\/image\/"}}]}},"_links":{"self":[{"href":"https:\/\/industriasim.niixer.com\/index.php\/wp-json\/wp\/v2\/product\/596","targetHints":{"allow":["GET"]}}],"collection":[{"href":"https:\/\/industriasim.niixer.com\/index.php\/wp-json\/wp\/v2\/product"}],"about":[{"href":"https:\/\/industriasim.niixer.com\/index.php\/wp-json\/wp\/v2\/types\/product"}],"replies":[{"embeddable":true,"href":"https:\/\/industriasim.niixer.com\/index.php\/wp-json\/wp\/v2\/comments?post=596"}],"wp:featuredmedia":[{"embeddable":true,"href":"https:\/\/industriasim.niixer.com\/index.php\/wp-json\/wp\/v2\/media\/597"}],"wp:attachment":[{"href":"https:\/\/industriasim.niixer.com\/index.php\/wp-json\/wp\/v2\/media?parent=596"}],"wp:term":[{"taxonomy":"product_brand","embeddable":true,"href":"https:\/\/industriasim.niixer.com\/index.php\/wp-json\/wp\/v2\/product_brand?post=596"},{"taxonomy":"product_cat","embeddable":true,"href":"https:\/\/industriasim.niixer.com\/index.php\/wp-json\/wp\/v2\/product_cat?post=596"},{"taxonomy":"product_tag","embeddable":true,"href":"https:\/\/industriasim.niixer.com\/index.php\/wp-json\/wp\/v2\/product_tag?post=596"}],"curies":[{"name":"wp","href":"https:\/\/api.w.org\/{rel}","templated":true}]}}