{"id":576,"date":"2023-08-02T19:03:48","date_gmt":"2023-08-03T00:03:48","guid":{"rendered":"https:\/\/industriasim.niixer.com\/?post_type=product&#038;p=576"},"modified":"2023-08-02T19:07:23","modified_gmt":"2023-08-03T00:07:23","slug":"mesa-para-sala-im-75","status":"publish","type":"product","link":"https:\/\/industriasim.niixer.com\/index.php\/producto\/mesa-para-sala-im-75\/","title":{"rendered":"Mesa para sala IM 75"},"content":{"rendered":"<p>Esta mesa es el complemento perfecto para tu sala. Est\u00e1 fabricada en hierro negro y madera, lo que le da un toque industrial y acogedor. Tiene una superficie amplia y resistente, donde podr\u00e1s colocar tus objetos decorativos, libros, revistas o lo que quieras. Su dise\u00f1o es sencillo y elegante, y se adapta a cualquier estilo de decoraci\u00f3n.<\/p>\n","protected":false},"excerpt":{"rendered":"<p>Es la mesa que estabas buscando para darle un toque de estilo y comodidad a tu sala. \u00a1No lo dudes m\u00e1s y haz tu pedido ahora!<\/p>\n","protected":false},"featured_media":580,"comment_status":"open","ping_status":"closed","template":"","meta":[],"product_brand":[],"product_cat":[54],"product_tag":[65,64],"class_list":{"0":"post-576","1":"product","2":"type-product","3":"status-publish","4":"has-post-thumbnail","6":"product_cat-mesa","7":"product_tag-mesa","8":"product_tag-mesa-para-sala","9":"post-thumbnail-displayed","11":"first","12":"instock","13":"sale","14":"taxable","15":"shipping-taxable","16":"purchasable","17":"product-type-simple"},"yoast_head":"<!-- This site is optimized with the Yoast SEO plugin v27.3 - https:\/\/yoast.com\/product\/yoast-seo-wordpress\/ -->\n<title>Mesa para sala IM 75 - Industrias IM<\/title>\n<meta name=\"robots\" content=\"noindex, follow, max-snippet:-1, max-image-preview:large, max-video-preview:-1\" \/>\n<meta property=\"og:locale\" content=\"es_ES\" \/>\n<meta property=\"og:type\" content=\"article\" \/>\n<meta property=\"og:title\" content=\"Mesa para sala IM 75 - Industrias IM\" \/>\n<meta property=\"og:description\" content=\"Es la mesa que estabas buscando para darle un toque de estilo y comodidad a tu sala. \u00a1No lo dudes m\u00e1s y haz tu pedido ahora!\" \/>\n<meta property=\"og:url\" content=\"https:\/\/industriasim.niixer.com\/index.php\/producto\/mesa-para-sala-im-75\/\" \/>\n<meta property=\"og:site_name\" content=\"Industrias IM\" \/>\n<meta property=\"article:modified_time\" content=\"2023-08-03T00:07:23+00:00\" \/>\n<meta property=\"og:image\" content=\"https:\/\/industriasim.niixer.com\/wp-content\/uploads\/2023\/08\/8339858708-207279687993573077-n-1080.webp\" \/>\n\t<meta property=\"og:image:width\" content=\"1080\" \/>\n\t<meta property=\"og:image:height\" content=\"1080\" \/>\n\t<meta property=\"og:image:type\" content=\"image\/webp\" \/>\n<meta name=\"twitter:card\" content=\"summary_large_image\" \/>\n<script type=\"application\/ld+json\" class=\"yoast-schema-graph\">{\"@context\":\"https:\\\/\\\/schema.org\",\"@graph\":[{\"@type\":\"WebPage\",\"@id\":\"https:\\\/\\\/industriasim.niixer.com\\\/index.php\\\/producto\\\/mesa-para-sala-im-75\\\/\",\"url\":\"https:\\\/\\\/industriasim.niixer.com\\\/index.php\\\/producto\\\/mesa-para-sala-im-75\\\/\",\"name\":\"Mesa para sala IM 75 - Industrias IM\",\"isPartOf\":{\"@id\":\"https:\\\/\\\/industriasim.niixer.com\\\/#website\"},\"primaryImageOfPage\":{\"@id\":\"https:\\\/\\\/industriasim.niixer.com\\\/index.php\\\/producto\\\/mesa-para-sala-im-75\\\/#primaryimage\"},\"image\":{\"@id\":\"https:\\\/\\\/industriasim.niixer.com\\\/index.php\\\/producto\\\/mesa-para-sala-im-75\\\/#primaryimage\"},\"thumbnailUrl\":\"https:\\\/\\\/industriasim.niixer.com\\\/wp-content\\\/uploads\\\/2023\\\/08\\\/8339858708-207279687993573077-n-1080.webp\",\"datePublished\":\"2023-08-03T00:03:48+00:00\",\"dateModified\":\"2023-08-03T00:07:23+00:00\",\"breadcrumb\":{\"@id\":\"https:\\\/\\\/industriasim.niixer.com\\\/index.php\\\/producto\\\/mesa-para-sala-im-75\\\/#breadcrumb\"},\"inLanguage\":\"es\",\"potentialAction\":[{\"@type\":\"ReadAction\",\"target\":[\"https:\\\/\\\/industriasim.niixer.com\\\/index.php\\\/producto\\\/mesa-para-sala-im-75\\\/\"]}]},{\"@type\":\"ImageObject\",\"inLanguage\":\"es\",\"@id\":\"https:\\\/\\\/industriasim.niixer.com\\\/index.php\\\/producto\\\/mesa-para-sala-im-75\\\/#primaryimage\",\"url\":\"https:\\\/\\\/industriasim.niixer.com\\\/wp-content\\\/uploads\\\/2023\\\/08\\\/8339858708-207279687993573077-n-1080.webp\",\"contentUrl\":\"https:\\\/\\\/industriasim.niixer.com\\\/wp-content\\\/uploads\\\/2023\\\/08\\\/8339858708-207279687993573077-n-1080.webp\",\"width\":1080,\"height\":1080,\"caption\":\"Mesa para sala\"},{\"@type\":\"BreadcrumbList\",\"@id\":\"https:\\\/\\\/industriasim.niixer.com\\\/index.php\\\/producto\\\/mesa-para-sala-im-75\\\/#breadcrumb\",\"itemListElement\":[{\"@type\":\"ListItem\",\"position\":1,\"name\":\"Portada\",\"item\":\"https:\\\/\\\/industriasim.niixer.com\\\/\"},{\"@type\":\"ListItem\",\"position\":2,\"name\":\"Tienda\",\"item\":\"https:\\\/\\\/industriasim.niixer.com\\\/index.php\\\/tienda-2\\\/\"},{\"@type\":\"ListItem\",\"position\":3,\"name\":\"Mesa para sala IM 75\"}]},{\"@type\":\"WebSite\",\"@id\":\"https:\\\/\\\/industriasim.niixer.com\\\/#website\",\"url\":\"https:\\\/\\\/industriasim.niixer.com\\\/\",\"name\":\"Industrias IM\",\"description\":\"\u00bfTe imaginas vivir en un hogar que refleje tu personalidad, tu estilo y tus sue\u00f1os? En Industrias IM, creemos que cada espacio es una oportunidad para crear algo \u00fanico, c\u00f3modo y funcional.\",\"publisher\":{\"@id\":\"https:\\\/\\\/industriasim.niixer.com\\\/#organization\"},\"potentialAction\":[{\"@type\":\"SearchAction\",\"target\":{\"@type\":\"EntryPoint\",\"urlTemplate\":\"https:\\\/\\\/industriasim.niixer.com\\\/?s={search_term_string}\"},\"query-input\":{\"@type\":\"PropertyValueSpecification\",\"valueRequired\":true,\"valueName\":\"search_term_string\"}}],\"inLanguage\":\"es\"},{\"@type\":\"Organization\",\"@id\":\"https:\\\/\\\/industriasim.niixer.com\\\/#organization\",\"name\":\"Industrias IM\",\"alternateName\":\"Industrias IM\",\"url\":\"https:\\\/\\\/industriasim.niixer.com\\\/\",\"logo\":{\"@type\":\"ImageObject\",\"inLanguage\":\"es\",\"@id\":\"https:\\\/\\\/industriasim.niixer.com\\\/#\\\/schema\\\/logo\\\/image\\\/\",\"url\":\"https:\\\/\\\/industriasim.niixer.com\\\/wp-content\\\/uploads\\\/2023\\\/08\\\/cropped-cropped-WhatsApp_Image_2023-08-01_at_7.39.48_PM-removebg-preview-1.png\",\"contentUrl\":\"https:\\\/\\\/industriasim.niixer.com\\\/wp-content\\\/uploads\\\/2023\\\/08\\\/cropped-cropped-WhatsApp_Image_2023-08-01_at_7.39.48_PM-removebg-preview-1.png\",\"width\":512,\"height\":512,\"caption\":\"Industrias IM\"},\"image\":{\"@id\":\"https:\\\/\\\/industriasim.niixer.com\\\/#\\\/schema\\\/logo\\\/image\\\/\"}}]}<\/script>\n<!-- \/ Yoast SEO plugin. -->","yoast_head_json":{"title":"Mesa para sala IM 75 - Industrias IM","robots":{"index":"noindex","follow":"follow","max-snippet":"max-snippet:-1","max-image-preview":"max-image-preview:large","max-video-preview":"max-video-preview:-1"},"og_locale":"es_ES","og_type":"article","og_title":"Mesa para sala IM 75 - Industrias IM","og_description":"Es la mesa que estabas buscando para darle un toque de estilo y comodidad a tu sala. \u00a1No lo dudes m\u00e1s y haz tu pedido ahora!","og_url":"https:\/\/industriasim.niixer.com\/index.php\/producto\/mesa-para-sala-im-75\/","og_site_name":"Industrias IM","article_modified_time":"2023-08-03T00:07:23+00:00","og_image":[{"width":1080,"height":1080,"url":"https:\/\/industriasim.niixer.com\/wp-content\/uploads\/2023\/08\/8339858708-207279687993573077-n-1080.webp","type":"image\/webp"}],"twitter_card":"summary_large_image","schema":{"@context":"https:\/\/schema.org","@graph":[{"@type":"WebPage","@id":"https:\/\/industriasim.niixer.com\/index.php\/producto\/mesa-para-sala-im-75\/","url":"https:\/\/industriasim.niixer.com\/index.php\/producto\/mesa-para-sala-im-75\/","name":"Mesa para sala IM 75 - Industrias IM","isPartOf":{"@id":"https:\/\/industriasim.niixer.com\/#website"},"primaryImageOfPage":{"@id":"https:\/\/industriasim.niixer.com\/index.php\/producto\/mesa-para-sala-im-75\/#primaryimage"},"image":{"@id":"https:\/\/industriasim.niixer.com\/index.php\/producto\/mesa-para-sala-im-75\/#primaryimage"},"thumbnailUrl":"https:\/\/industriasim.niixer.com\/wp-content\/uploads\/2023\/08\/8339858708-207279687993573077-n-1080.webp","datePublished":"2023-08-03T00:03:48+00:00","dateModified":"2023-08-03T00:07:23+00:00","breadcrumb":{"@id":"https:\/\/industriasim.niixer.com\/index.php\/producto\/mesa-para-sala-im-75\/#breadcrumb"},"inLanguage":"es","potentialAction":[{"@type":"ReadAction","target":["https:\/\/industriasim.niixer.com\/index.php\/producto\/mesa-para-sala-im-75\/"]}]},{"@type":"ImageObject","inLanguage":"es","@id":"https:\/\/industriasim.niixer.com\/index.php\/producto\/mesa-para-sala-im-75\/#primaryimage","url":"https:\/\/industriasim.niixer.com\/wp-content\/uploads\/2023\/08\/8339858708-207279687993573077-n-1080.webp","contentUrl":"https:\/\/industriasim.niixer.com\/wp-content\/uploads\/2023\/08\/8339858708-207279687993573077-n-1080.webp","width":1080,"height":1080,"caption":"Mesa para sala"},{"@type":"BreadcrumbList","@id":"https:\/\/industriasim.niixer.com\/index.php\/producto\/mesa-para-sala-im-75\/#breadcrumb","itemListElement":[{"@type":"ListItem","position":1,"name":"Portada","item":"https:\/\/industriasim.niixer.com\/"},{"@type":"ListItem","position":2,"name":"Tienda","item":"https:\/\/industriasim.niixer.com\/index.php\/tienda-2\/"},{"@type":"ListItem","position":3,"name":"Mesa para sala IM 75"}]},{"@type":"WebSite","@id":"https:\/\/industriasim.niixer.com\/#website","url":"https:\/\/industriasim.niixer.com\/","name":"Industrias IM","description":"\u00bfTe imaginas vivir en un hogar que refleje tu personalidad, tu estilo y tus sue\u00f1os? En Industrias IM, creemos que cada espacio es una oportunidad para crear algo \u00fanico, c\u00f3modo y funcional.","publisher":{"@id":"https:\/\/industriasim.niixer.com\/#organization"},"potentialAction":[{"@type":"SearchAction","target":{"@type":"EntryPoint","urlTemplate":"https:\/\/industriasim.niixer.com\/?s={search_term_string}"},"query-input":{"@type":"PropertyValueSpecification","valueRequired":true,"valueName":"search_term_string"}}],"inLanguage":"es"},{"@type":"Organization","@id":"https:\/\/industriasim.niixer.com\/#organization","name":"Industrias IM","alternateName":"Industrias IM","url":"https:\/\/industriasim.niixer.com\/","logo":{"@type":"ImageObject","inLanguage":"es","@id":"https:\/\/industriasim.niixer.com\/#\/schema\/logo\/image\/","url":"https:\/\/industriasim.niixer.com\/wp-content\/uploads\/2023\/08\/cropped-cropped-WhatsApp_Image_2023-08-01_at_7.39.48_PM-removebg-preview-1.png","contentUrl":"https:\/\/industriasim.niixer.com\/wp-content\/uploads\/2023\/08\/cropped-cropped-WhatsApp_Image_2023-08-01_at_7.39.48_PM-removebg-preview-1.png","width":512,"height":512,"caption":"Industrias IM"},"image":{"@id":"https:\/\/industriasim.niixer.com\/#\/schema\/logo\/image\/"}}]}},"_links":{"self":[{"href":"https:\/\/industriasim.niixer.com\/index.php\/wp-json\/wp\/v2\/product\/576","targetHints":{"allow":["GET"]}}],"collection":[{"href":"https:\/\/industriasim.niixer.com\/index.php\/wp-json\/wp\/v2\/product"}],"about":[{"href":"https:\/\/industriasim.niixer.com\/index.php\/wp-json\/wp\/v2\/types\/product"}],"replies":[{"embeddable":true,"href":"https:\/\/industriasim.niixer.com\/index.php\/wp-json\/wp\/v2\/comments?post=576"}],"wp:featuredmedia":[{"embeddable":true,"href":"https:\/\/industriasim.niixer.com\/index.php\/wp-json\/wp\/v2\/media\/580"}],"wp:attachment":[{"href":"https:\/\/industriasim.niixer.com\/index.php\/wp-json\/wp\/v2\/media?parent=576"}],"wp:term":[{"taxonomy":"product_brand","embeddable":true,"href":"https:\/\/industriasim.niixer.com\/index.php\/wp-json\/wp\/v2\/product_brand?post=576"},{"taxonomy":"product_cat","embeddable":true,"href":"https:\/\/industriasim.niixer.com\/index.php\/wp-json\/wp\/v2\/product_cat?post=576"},{"taxonomy":"product_tag","embeddable":true,"href":"https:\/\/industriasim.niixer.com\/index.php\/wp-json\/wp\/v2\/product_tag?post=576"}],"curies":[{"name":"wp","href":"https:\/\/api.w.org\/{rel}","templated":true}]}}