{"id":356,"date":"2023-07-30T08:52:05","date_gmt":"2023-07-30T06:52:05","guid":{"rendered":"https:\/\/industriasim.niixer.com\/?post_type=product&#038;p=356"},"modified":"2023-08-01T02:29:18","modified_gmt":"2023-08-01T00:29:18","slug":"estanteria-im25-movil","status":"publish","type":"product","link":"https:\/\/industriasim.niixer.com\/index.php\/producto\/estanteria-im25-movil\/","title":{"rendered":"Estanter\u00eda IM A25 &#8211; M\u00f3vil"},"content":{"rendered":"<p>\u00bfTe gustar\u00eda tener una estanter\u00eda que puedas mover f\u00e1cilmente de un lugar a otro? Te presentamos la IM A25, fabricada en madera y acero inoxidable. Esta estanter\u00eda tiene 4 ruedas giratorias que te permiten desplazarla sin esfuerzo, y un freno de seguridad que la mantiene fija cuando lo necesites. La estanter\u00eda est\u00e1 hecha de madera resistente y acero inoxidable de alta calidad, que le dan un aspecto moderno y duradero. La estanter\u00eda tiene 3 repisas espaciosas y ajustables, que te ofrecen una gran capacidad de almacenamiento para tus libros, plantas, objetos decorativos y m\u00e1s. La estanter\u00eda es f\u00e1cil de montar y limpiar, y tiene un precio competitivo. No lo dudes m\u00e1s y adquiere la estanter\u00eda m\u00f3vil, fabricada en madera y acero inoxidable, el producto m\u00e1s pr\u00e1ctico y vers\u00e1til para tu hogar u oficina.<\/p>\n","protected":false},"excerpt":{"rendered":"<p>Disfruta de la comodidad y el estilo de la estanter\u00eda m\u00f3vil, fabricada en madera y acero inoxidable. Una estanter\u00eda con ruedas, repisas ajustables y un dise\u00f1o moderno que se adapta a cualquier espacio. \u00a1Aprovecha esta oferta y ll\u00e9vate la tuya!<\/p>\n","protected":false},"featured_media":357,"comment_status":"open","ping_status":"closed","template":"","meta":[],"product_brand":[],"product_cat":[52],"product_tag":[62],"class_list":{"0":"post-356","1":"product","2":"type-product","3":"status-publish","4":"has-post-thumbnail","6":"product_cat-repisa","7":"product_tag-estanteria","8":"post-thumbnail-displayed","10":"first","11":"instock","12":"sale","13":"taxable","14":"shipping-taxable","15":"purchasable","16":"product-type-simple"},"yoast_head":"<!-- This site is optimized with the Yoast SEO plugin v27.3 - https:\/\/yoast.com\/product\/yoast-seo-wordpress\/ -->\n<title>Estanter\u00eda IM A25 - M\u00f3vil - Industrias IM<\/title>\n<meta name=\"robots\" content=\"noindex, follow, max-snippet:-1, max-image-preview:large, max-video-preview:-1\" \/>\n<meta property=\"og:locale\" content=\"es_ES\" \/>\n<meta property=\"og:type\" content=\"article\" \/>\n<meta property=\"og:title\" content=\"Estanter\u00eda IM A25 - M\u00f3vil - Industrias IM\" \/>\n<meta property=\"og:description\" content=\"Disfruta de la comodidad y el estilo de la estanter\u00eda m\u00f3vil, fabricada en madera y acero inoxidable. Una estanter\u00eda con ruedas, repisas ajustables y un dise\u00f1o moderno que se adapta a cualquier espacio. \u00a1Aprovecha esta oferta y ll\u00e9vate la tuya!\" \/>\n<meta property=\"og:url\" content=\"https:\/\/industriasim.niixer.com\/index.php\/producto\/estanteria-im25-movil\/\" \/>\n<meta property=\"og:site_name\" content=\"Industrias IM\" \/>\n<meta property=\"article:modified_time\" content=\"2023-08-01T00:29:18+00:00\" \/>\n<meta property=\"og:image\" content=\"https:\/\/industriasim.niixer.com\/wp-content\/uploads\/2023\/07\/Snapinsta.app_181694496_741736053171338_1304406710646907756_n_1080.webp\" \/>\n\t<meta property=\"og:image:width\" content=\"1080\" \/>\n\t<meta property=\"og:image:height\" content=\"1080\" \/>\n\t<meta property=\"og:image:type\" content=\"image\/webp\" \/>\n<meta name=\"twitter:card\" content=\"summary_large_image\" \/>\n<meta name=\"twitter:label1\" content=\"Tiempo de lectura\" \/>\n\t<meta name=\"twitter:data1\" content=\"1 minuto\" \/>\n<script type=\"application\/ld+json\" class=\"yoast-schema-graph\">{\"@context\":\"https:\\\/\\\/schema.org\",\"@graph\":[{\"@type\":\"WebPage\",\"@id\":\"https:\\\/\\\/industriasim.niixer.com\\\/index.php\\\/producto\\\/estanteria-im25-movil\\\/\",\"url\":\"https:\\\/\\\/industriasim.niixer.com\\\/index.php\\\/producto\\\/estanteria-im25-movil\\\/\",\"name\":\"Estanter\u00eda IM A25 - M\u00f3vil - Industrias IM\",\"isPartOf\":{\"@id\":\"https:\\\/\\\/industriasim.niixer.com\\\/#website\"},\"primaryImageOfPage\":{\"@id\":\"https:\\\/\\\/industriasim.niixer.com\\\/index.php\\\/producto\\\/estanteria-im25-movil\\\/#primaryimage\"},\"image\":{\"@id\":\"https:\\\/\\\/industriasim.niixer.com\\\/index.php\\\/producto\\\/estanteria-im25-movil\\\/#primaryimage\"},\"thumbnailUrl\":\"https:\\\/\\\/industriasim.niixer.com\\\/wp-content\\\/uploads\\\/2023\\\/07\\\/Snapinsta.app_181694496_741736053171338_1304406710646907756_n_1080.webp\",\"datePublished\":\"2023-07-30T06:52:05+00:00\",\"dateModified\":\"2023-08-01T00:29:18+00:00\",\"breadcrumb\":{\"@id\":\"https:\\\/\\\/industriasim.niixer.com\\\/index.php\\\/producto\\\/estanteria-im25-movil\\\/#breadcrumb\"},\"inLanguage\":\"es\",\"potentialAction\":[{\"@type\":\"ReadAction\",\"target\":[\"https:\\\/\\\/industriasim.niixer.com\\\/index.php\\\/producto\\\/estanteria-im25-movil\\\/\"]}]},{\"@type\":\"ImageObject\",\"inLanguage\":\"es\",\"@id\":\"https:\\\/\\\/industriasim.niixer.com\\\/index.php\\\/producto\\\/estanteria-im25-movil\\\/#primaryimage\",\"url\":\"https:\\\/\\\/industriasim.niixer.com\\\/wp-content\\\/uploads\\\/2023\\\/07\\\/Snapinsta.app_181694496_741736053171338_1304406710646907756_n_1080.webp\",\"contentUrl\":\"https:\\\/\\\/industriasim.niixer.com\\\/wp-content\\\/uploads\\\/2023\\\/07\\\/Snapinsta.app_181694496_741736053171338_1304406710646907756_n_1080.webp\",\"width\":1080,\"height\":1080,\"caption\":\"Estanter\u00eda m\u00f3vil\"},{\"@type\":\"BreadcrumbList\",\"@id\":\"https:\\\/\\\/industriasim.niixer.com\\\/index.php\\\/producto\\\/estanteria-im25-movil\\\/#breadcrumb\",\"itemListElement\":[{\"@type\":\"ListItem\",\"position\":1,\"name\":\"Portada\",\"item\":\"https:\\\/\\\/industriasim.niixer.com\\\/\"},{\"@type\":\"ListItem\",\"position\":2,\"name\":\"Tienda\",\"item\":\"https:\\\/\\\/industriasim.niixer.com\\\/index.php\\\/tienda-2\\\/\"},{\"@type\":\"ListItem\",\"position\":3,\"name\":\"Estanter\u00eda IM A25 &#8211; M\u00f3vil\"}]},{\"@type\":\"WebSite\",\"@id\":\"https:\\\/\\\/industriasim.niixer.com\\\/#website\",\"url\":\"https:\\\/\\\/industriasim.niixer.com\\\/\",\"name\":\"Industrias IM\",\"description\":\"\u00bfTe imaginas vivir en un hogar que refleje tu personalidad, tu estilo y tus sue\u00f1os? En Industrias IM, creemos que cada espacio es una oportunidad para crear algo \u00fanico, c\u00f3modo y funcional.\",\"publisher\":{\"@id\":\"https:\\\/\\\/industriasim.niixer.com\\\/#organization\"},\"potentialAction\":[{\"@type\":\"SearchAction\",\"target\":{\"@type\":\"EntryPoint\",\"urlTemplate\":\"https:\\\/\\\/industriasim.niixer.com\\\/?s={search_term_string}\"},\"query-input\":{\"@type\":\"PropertyValueSpecification\",\"valueRequired\":true,\"valueName\":\"search_term_string\"}}],\"inLanguage\":\"es\"},{\"@type\":\"Organization\",\"@id\":\"https:\\\/\\\/industriasim.niixer.com\\\/#organization\",\"name\":\"Industrias IM\",\"alternateName\":\"Industrias IM\",\"url\":\"https:\\\/\\\/industriasim.niixer.com\\\/\",\"logo\":{\"@type\":\"ImageObject\",\"inLanguage\":\"es\",\"@id\":\"https:\\\/\\\/industriasim.niixer.com\\\/#\\\/schema\\\/logo\\\/image\\\/\",\"url\":\"https:\\\/\\\/industriasim.niixer.com\\\/wp-content\\\/uploads\\\/2023\\\/08\\\/cropped-cropped-WhatsApp_Image_2023-08-01_at_7.39.48_PM-removebg-preview-1.png\",\"contentUrl\":\"https:\\\/\\\/industriasim.niixer.com\\\/wp-content\\\/uploads\\\/2023\\\/08\\\/cropped-cropped-WhatsApp_Image_2023-08-01_at_7.39.48_PM-removebg-preview-1.png\",\"width\":512,\"height\":512,\"caption\":\"Industrias IM\"},\"image\":{\"@id\":\"https:\\\/\\\/industriasim.niixer.com\\\/#\\\/schema\\\/logo\\\/image\\\/\"}}]}<\/script>\n<!-- \/ Yoast SEO plugin. -->","yoast_head_json":{"title":"Estanter\u00eda IM A25 - M\u00f3vil - Industrias IM","robots":{"index":"noindex","follow":"follow","max-snippet":"max-snippet:-1","max-image-preview":"max-image-preview:large","max-video-preview":"max-video-preview:-1"},"og_locale":"es_ES","og_type":"article","og_title":"Estanter\u00eda IM A25 - M\u00f3vil - Industrias IM","og_description":"Disfruta de la comodidad y el estilo de la estanter\u00eda m\u00f3vil, fabricada en madera y acero inoxidable. Una estanter\u00eda con ruedas, repisas ajustables y un dise\u00f1o moderno que se adapta a cualquier espacio. \u00a1Aprovecha esta oferta y ll\u00e9vate la tuya!","og_url":"https:\/\/industriasim.niixer.com\/index.php\/producto\/estanteria-im25-movil\/","og_site_name":"Industrias IM","article_modified_time":"2023-08-01T00:29:18+00:00","og_image":[{"width":1080,"height":1080,"url":"https:\/\/industriasim.niixer.com\/wp-content\/uploads\/2023\/07\/Snapinsta.app_181694496_741736053171338_1304406710646907756_n_1080.webp","type":"image\/webp"}],"twitter_card":"summary_large_image","twitter_misc":{"Tiempo de lectura":"1 minuto"},"schema":{"@context":"https:\/\/schema.org","@graph":[{"@type":"WebPage","@id":"https:\/\/industriasim.niixer.com\/index.php\/producto\/estanteria-im25-movil\/","url":"https:\/\/industriasim.niixer.com\/index.php\/producto\/estanteria-im25-movil\/","name":"Estanter\u00eda IM A25 - M\u00f3vil - Industrias IM","isPartOf":{"@id":"https:\/\/industriasim.niixer.com\/#website"},"primaryImageOfPage":{"@id":"https:\/\/industriasim.niixer.com\/index.php\/producto\/estanteria-im25-movil\/#primaryimage"},"image":{"@id":"https:\/\/industriasim.niixer.com\/index.php\/producto\/estanteria-im25-movil\/#primaryimage"},"thumbnailUrl":"https:\/\/industriasim.niixer.com\/wp-content\/uploads\/2023\/07\/Snapinsta.app_181694496_741736053171338_1304406710646907756_n_1080.webp","datePublished":"2023-07-30T06:52:05+00:00","dateModified":"2023-08-01T00:29:18+00:00","breadcrumb":{"@id":"https:\/\/industriasim.niixer.com\/index.php\/producto\/estanteria-im25-movil\/#breadcrumb"},"inLanguage":"es","potentialAction":[{"@type":"ReadAction","target":["https:\/\/industriasim.niixer.com\/index.php\/producto\/estanteria-im25-movil\/"]}]},{"@type":"ImageObject","inLanguage":"es","@id":"https:\/\/industriasim.niixer.com\/index.php\/producto\/estanteria-im25-movil\/#primaryimage","url":"https:\/\/industriasim.niixer.com\/wp-content\/uploads\/2023\/07\/Snapinsta.app_181694496_741736053171338_1304406710646907756_n_1080.webp","contentUrl":"https:\/\/industriasim.niixer.com\/wp-content\/uploads\/2023\/07\/Snapinsta.app_181694496_741736053171338_1304406710646907756_n_1080.webp","width":1080,"height":1080,"caption":"Estanter\u00eda m\u00f3vil"},{"@type":"BreadcrumbList","@id":"https:\/\/industriasim.niixer.com\/index.php\/producto\/estanteria-im25-movil\/#breadcrumb","itemListElement":[{"@type":"ListItem","position":1,"name":"Portada","item":"https:\/\/industriasim.niixer.com\/"},{"@type":"ListItem","position":2,"name":"Tienda","item":"https:\/\/industriasim.niixer.com\/index.php\/tienda-2\/"},{"@type":"ListItem","position":3,"name":"Estanter\u00eda IM A25 &#8211; M\u00f3vil"}]},{"@type":"WebSite","@id":"https:\/\/industriasim.niixer.com\/#website","url":"https:\/\/industriasim.niixer.com\/","name":"Industrias IM","description":"\u00bfTe imaginas vivir en un hogar que refleje tu personalidad, tu estilo y tus sue\u00f1os? En Industrias IM, creemos que cada espacio es una oportunidad para crear algo \u00fanico, c\u00f3modo y funcional.","publisher":{"@id":"https:\/\/industriasim.niixer.com\/#organization"},"potentialAction":[{"@type":"SearchAction","target":{"@type":"EntryPoint","urlTemplate":"https:\/\/industriasim.niixer.com\/?s={search_term_string}"},"query-input":{"@type":"PropertyValueSpecification","valueRequired":true,"valueName":"search_term_string"}}],"inLanguage":"es"},{"@type":"Organization","@id":"https:\/\/industriasim.niixer.com\/#organization","name":"Industrias IM","alternateName":"Industrias IM","url":"https:\/\/industriasim.niixer.com\/","logo":{"@type":"ImageObject","inLanguage":"es","@id":"https:\/\/industriasim.niixer.com\/#\/schema\/logo\/image\/","url":"https:\/\/industriasim.niixer.com\/wp-content\/uploads\/2023\/08\/cropped-cropped-WhatsApp_Image_2023-08-01_at_7.39.48_PM-removebg-preview-1.png","contentUrl":"https:\/\/industriasim.niixer.com\/wp-content\/uploads\/2023\/08\/cropped-cropped-WhatsApp_Image_2023-08-01_at_7.39.48_PM-removebg-preview-1.png","width":512,"height":512,"caption":"Industrias IM"},"image":{"@id":"https:\/\/industriasim.niixer.com\/#\/schema\/logo\/image\/"}}]}},"_links":{"self":[{"href":"https:\/\/industriasim.niixer.com\/index.php\/wp-json\/wp\/v2\/product\/356","targetHints":{"allow":["GET"]}}],"collection":[{"href":"https:\/\/industriasim.niixer.com\/index.php\/wp-json\/wp\/v2\/product"}],"about":[{"href":"https:\/\/industriasim.niixer.com\/index.php\/wp-json\/wp\/v2\/types\/product"}],"replies":[{"embeddable":true,"href":"https:\/\/industriasim.niixer.com\/index.php\/wp-json\/wp\/v2\/comments?post=356"}],"wp:featuredmedia":[{"embeddable":true,"href":"https:\/\/industriasim.niixer.com\/index.php\/wp-json\/wp\/v2\/media\/357"}],"wp:attachment":[{"href":"https:\/\/industriasim.niixer.com\/index.php\/wp-json\/wp\/v2\/media?parent=356"}],"wp:term":[{"taxonomy":"product_brand","embeddable":true,"href":"https:\/\/industriasim.niixer.com\/index.php\/wp-json\/wp\/v2\/product_brand?post=356"},{"taxonomy":"product_cat","embeddable":true,"href":"https:\/\/industriasim.niixer.com\/index.php\/wp-json\/wp\/v2\/product_cat?post=356"},{"taxonomy":"product_tag","embeddable":true,"href":"https:\/\/industriasim.niixer.com\/index.php\/wp-json\/wp\/v2\/product_tag?post=356"}],"curies":[{"name":"wp","href":"https:\/\/api.w.org\/{rel}","templated":true}]}}