{"id":673,"date":"2023-08-03T20:27:16","date_gmt":"2023-08-04T01:27:16","guid":{"rendered":"https:\/\/industriasim.niixer.com\/?page_id=673"},"modified":"2023-08-04T15:53:43","modified_gmt":"2023-08-04T20:53:43","slug":"servicios","status":"publish","type":"page","link":"https:\/\/industriasim.niixer.com\/index.php\/servicios\/","title":{"rendered":"Servicios"},"content":{"rendered":"<div id=\"pl-gb673-69da0acec47f6\"  class=\"panel-layout\" ><div id=\"pg-gb673-69da0acec47f6-0\"  class=\"panel-grid panel-has-style\" ><div data-overlay-opactity=\"1\" class=\"panel-row-style panel-row-style-for-gb673-69da0acec47f6-0\" ><div id=\"pgc-gb673-69da0acec47f6-0-0\"  class=\"panel-grid-cell\" ><div id=\"panel-gb673-69da0acec47f6-0-0-0\" class=\"so-panel widget widget_sow-image panel-first-child panel-last-child\" data-index=\"0\" ><div\n\t\t\t\n\t\t\tclass=\"so-widget-sow-image so-widget-sow-image-default-8b5b6f678277-673\"\n\t\t\t\n\t\t>\n<div class=\"sow-image-container\">\n\t\t<img \n\tsrc=\"https:\/\/industriasim.niixer.com\/wp-content\/uploads\/2023\/08\/SLIDEER-DISNEO_Mesa-de-trabajo-1-copia-2-1.webp\" width=\"1200\" height=\"500\" srcset=\"https:\/\/industriasim.niixer.com\/wp-content\/uploads\/2023\/08\/SLIDEER-DISNEO_Mesa-de-trabajo-1-copia-2-1.webp 1200w, https:\/\/industriasim.niixer.com\/wp-content\/uploads\/2023\/08\/SLIDEER-DISNEO_Mesa-de-trabajo-1-copia-2-1-300x125.webp 300w, https:\/\/industriasim.niixer.com\/wp-content\/uploads\/2023\/08\/SLIDEER-DISNEO_Mesa-de-trabajo-1-copia-2-1-1024x427.webp 1024w, https:\/\/industriasim.niixer.com\/wp-content\/uploads\/2023\/08\/SLIDEER-DISNEO_Mesa-de-trabajo-1-copia-2-1-768x320.webp 768w, https:\/\/industriasim.niixer.com\/wp-content\/uploads\/2023\/08\/SLIDEER-DISNEO_Mesa-de-trabajo-1-copia-2-1-600x250.webp 600w\" sizes=\"(max-width: 1200px) 100vw, 1200px\" title=\"nuestros servicios\" alt=\"nuestros servicios\" \t\tclass=\"so-widget-image\"\/>\n\t<\/div>\n\n<\/div><\/div><\/div><\/div><\/div><div id=\"pg-gb673-69da0acec47f6-1\"  class=\"panel-grid panel-has-style\" ><div data-overlay-opactity=\"1\" class=\"panel-row-style panel-row-style-for-gb673-69da0acec47f6-1\" ><div id=\"pgc-gb673-69da0acec47f6-1-0\"  class=\"panel-grid-cell\" ><div id=\"panel-gb673-69da0acec47f6-1-0-0\" class=\"so-panel widget widget_themegrill_flash_separator tg-widget separator-wrapper panel-first-child panel-last-child\" data-index=\"1\" ><div style='margin-top:30px;margin-bottom:30px'  class=\"separator separator-center\">\n\t<div class='separator-inner' style='width:50px' ><\/div>\t\t<\/div>\n<\/div><\/div><\/div><\/div><div id=\"pg-gb673-69da0acec47f6-2\"  class=\"panel-grid panel-has-style\" ><div data-overlay-opactity=\"1\" class=\"panel-row-style panel-row-style-for-gb673-69da0acec47f6-2\" ><div id=\"pgc-gb673-69da0acec47f6-2-0\"  class=\"panel-grid-cell\" ><div id=\"panel-gb673-69da0acec47f6-2-0-0\" class=\"so-panel widget widget_themegrill_flash_separator tg-widget separator-wrapper panel-first-child panel-last-child\" data-index=\"2\" ><div style='margin-top:20px;margin-bottom:20px'  class=\"separator separator-center\">\n\t<div class='separator-inner' style='width:20px' ><\/div>\t\t<\/div>\n<\/div><\/div><\/div><\/div><div id=\"pg-gb673-69da0acec47f6-3\"  class=\"panel-grid panel-has-style\" ><div data-overlay-opactity=\"1\" class=\"panel-row-style panel-row-style-for-gb673-69da0acec47f6-3\" ><div id=\"pgc-gb673-69da0acec47f6-3-0\"  class=\"panel-grid-cell\" ><div id=\"panel-gb673-69da0acec47f6-3-0-0\" class=\"so-panel widget widget_sow-editor panel-first-child\" data-index=\"3\" ><div\n\t\t\t\n\t\t\tclass=\"so-widget-sow-editor so-widget-sow-editor-base\"\n\t\t\t\n\t\t>\n<div class=\"siteorigin-widget-tinymce textwidget\">\n\t<h1 style=\"text-align: center;\">Perm\u00edtenos Ayudarte<\/h1>\n<p style=\"text-align: center;\">\n<p style=\"text-align: center;\">Vis\u00edtanos en la tienda para descubrir nuestra colecci\u00f3n de dise\u00f1os en hierro, acero y madera. Aprovecha de nuestros servicios y perm\u00edtenos ayudarte a dise\u00f1ar los espacios de tus sue\u00f1os.<\/p>\n<\/div>\n<\/div><\/div><div id=\"panel-gb673-69da0acec47f6-3-0-1\" class=\"so-panel widget widget_themegrill_flash_separator tg-widget separator-wrapper panel-last-child\" data-index=\"4\" ><div style='margin-top:20px;margin-bottom:20px'  class=\"separator separator-center\">\n\t<div class='separator-inner' style='width:20px' ><\/div>\t\t<\/div>\n<\/div><\/div><\/div><\/div><div id=\"pg-gb673-69da0acec47f6-4\"  class=\"panel-grid panel-has-style\" ><div data-overlay-opactity=\"1\" class=\"panel-row-style panel-row-style-for-gb673-69da0acec47f6-4\" ><div id=\"pgc-gb673-69da0acec47f6-4-0\"  class=\"panel-grid-cell\" ><div id=\"panel-gb673-69da0acec47f6-4-0-0\" class=\"so-panel widget widget_sow-editor panel-first-child\" data-index=\"5\" ><div\n\t\t\t\n\t\t\tclass=\"so-widget-sow-editor so-widget-sow-editor-base\"\n\t\t\t\n\t\t>\n<div class=\"siteorigin-widget-tinymce textwidget\">\n\t<h1 style=\"text-align: center;\">Nuestros Servicios<\/h1>\n<\/div>\n<\/div><\/div><div id=\"panel-gb673-69da0acec47f6-4-0-1\" class=\"so-panel widget widget_themegrill_flash_separator tg-widget separator-wrapper panel-last-child\" data-index=\"6\" ><div style='margin-top:20px;margin-bottom:20px'  class=\"separator separator-center\">\n\t<div class='separator-inner' style='width:20px' ><\/div>\t\t<\/div>\n<\/div><\/div><\/div><\/div><div id=\"pg-gb673-69da0acec47f6-5\"  class=\"panel-grid panel-has-style\" ><div data-overlay-opactity=\"1\" class=\"panel-row-style panel-row-style-for-gb673-69da0acec47f6-5\" ><div id=\"pgc-gb673-69da0acec47f6-5-0\"  class=\"panel-grid-cell\" ><div id=\"panel-gb673-69da0acec47f6-5-0-0\" class=\"so-panel widget widget_themegrill_flash_service tg-widget tg-single-service panel-first-child panel-last-child\" data-index=\"7\" ><div class=\"tg-service-widget tg-service-layout-2\">\n\t<div class=\"service-wrapper\">\n\t\t\t\t<div class=\"service-icon-title-wrapper\">\n\t\t\t\t\t\t\t\t\t\t<div class=\"service-icon-wrap\"><i class=\"fa fa-truck\"><\/i><\/div>\n\t\t\t\t\t\t\t\t\t\t\t<\/div>\n\t\t\t\t\t\t\t\t\t\t<h3 class=\"service-title-wrap\">\n\t\t\t\t\tEnvi\u00f3 Gratuito\t\t\t\t\t\t\t\t\t\t<\/h3>\n\t\t\t\t\t\t\t\t\t\t<div class=\"service-content-wrap\">Env\u00edos gratuito en Bogot\u00e1 y zonas aleda\u00f1as, o para cualquier pedido superior a 500.000 pesos.<\/div>\n\t\t\t\t\t\t\t\t\t\t<\/div>\n<\/div>\n<\/div><\/div><div id=\"pgc-gb673-69da0acec47f6-5-1\"  class=\"panel-grid-cell\" ><div id=\"panel-gb673-69da0acec47f6-5-1-0\" class=\"so-panel widget widget_themegrill_flash_service tg-widget tg-single-service panel-first-child panel-last-child\" data-index=\"8\" ><div class=\"tg-service-widget tg-service-layout-2\">\n\t<div class=\"service-wrapper\">\n\t\t\t\t<div class=\"service-icon-title-wrapper\">\n\t\t\t\t\t\t\t\t\t\t<div class=\"service-icon-wrap\"><i class=\"fa fa-pencil\"><\/i><\/div>\n\t\t\t\t\t\t\t\t\t\t\t<\/div>\n\t\t\t\t\t\t\t\t\t\t<h3 class=\"service-title-wrap\">\n\t\t\t\t\tDise\u00f1o personalizado\t\t\t\t\t\t\t\t\t\t<\/h3>\n\t\t\t\t\t\t\t\t\t\t<div class=\"service-content-wrap\">Creamos cualquier mueble o pieza requerida a medida.<\/div>\n\t\t\t\t\t\t\t\t\t\t<\/div>\n<\/div>\n<\/div><\/div><div id=\"pgc-gb673-69da0acec47f6-5-2\"  class=\"panel-grid-cell\" ><div id=\"panel-gb673-69da0acec47f6-5-2-0\" class=\"so-panel widget widget_themegrill_flash_service tg-widget tg-single-service panel-first-child panel-last-child\" data-index=\"9\" ><div class=\"tg-service-widget tg-service-layout-2\">\n\t<div class=\"service-wrapper\">\n\t\t\t\t<div class=\"service-icon-title-wrapper\">\n\t\t\t\t\t\t\t\t\t\t<div class=\"service-icon-wrap\"><i class=\"fa fa-briefcase\"><\/i><\/div>\n\t\t\t\t\t\t\t\t\t\t\t<\/div>\n\t\t\t\t\t\t\t\t\t\t<h3 class=\"service-title-wrap\">\n\t\t\t\t\tServicio de instalaci\u00f3n\t\t\t\t\t\t\t\t\t\t<\/h3>\n\t\t\t\t\t\t\t\t\t\t<div class=\"service-content-wrap\">Procesos de instalaci\u00f3n para muebles prefabricados y a pedido.<\/div>\n\t\t\t\t\t\t\t\t\t\t<\/div>\n<\/div>\n<\/div><\/div><\/div><\/div><div id=\"pg-gb673-69da0acec47f6-6\"  class=\"panel-grid panel-has-style\" ><div data-overlay-opactity=\"1\" class=\"panel-row-style panel-row-style-for-gb673-69da0acec47f6-6\" ><div id=\"pgc-gb673-69da0acec47f6-6-0\"  class=\"panel-grid-cell\" ><div id=\"panel-gb673-69da0acec47f6-6-0-0\" class=\"so-panel widget widget_themegrill_flash_service tg-widget tg-single-service panel-first-child panel-last-child\" data-index=\"10\" ><div class=\"tg-service-widget tg-service-layout-2\">\n\t<div class=\"service-wrapper\">\n\t\t\t\t<div class=\"service-icon-title-wrapper\">\n\t\t\t\t\t\t\t\t\t\t<div class=\"service-icon-wrap\"><i class=\"fa fa-wrench\"><\/i><\/div>\n\t\t\t\t\t\t\t\t\t\t\t<\/div>\n\t\t\t\t\t\t\t\t\t\t<h3 class=\"service-title-wrap\">\n\t\t\t\t\tGarant\u00eda\t\t\t\t\t\t\t\t\t\t<\/h3>\n\t\t\t\t\t\t\t\t\t\t<div class=\"service-content-wrap\">Contamos con garant\u00eda de 1 a\u00f1o para todos nuestros productos.<\/div>\n\t\t\t\t\t\t\t\t\t\t<\/div>\n<\/div>\n<\/div><\/div><div id=\"pgc-gb673-69da0acec47f6-6-1\"  class=\"panel-grid-cell\" ><div id=\"panel-gb673-69da0acec47f6-6-1-0\" class=\"so-panel widget widget_themegrill_flash_service tg-widget tg-single-service panel-first-child panel-last-child\" data-index=\"11\" ><div class=\"tg-service-widget tg-service-layout-2\">\n\t<div class=\"service-wrapper\">\n\t\t\t\t<div class=\"service-icon-title-wrapper\">\n\t\t\t\t\t\t\t\t\t\t<div class=\"service-icon-wrap\"><i class=\"fa fa-address-card\"><\/i><\/div>\n\t\t\t\t\t\t\t\t\t\t\t<\/div>\n\t\t\t\t\t\t\t\t\t\t<h3 class=\"service-title-wrap\">\n\t\t\t\t\tDise\u00f1o de interiores\t\t\t\t\t\t\t\t\t\t<\/h3>\n\t\t\t\t\t\t\t\t\t\t<div class=\"service-content-wrap\">Contamos con personal capacitado para ayudarlo a crear sus espacios so\u00f1ados<\/div>\n\t\t\t\t\t\t\t\t\t\t<\/div>\n<\/div>\n<\/div><\/div><div id=\"pgc-gb673-69da0acec47f6-6-2\"  class=\"panel-grid-cell\" ><div id=\"panel-gb673-69da0acec47f6-6-2-0\" class=\"so-panel widget widget_themegrill_flash_service tg-widget tg-single-service panel-first-child panel-last-child\" data-index=\"12\" ><div class=\"tg-service-widget tg-service-layout-2\">\n\t<div class=\"service-wrapper\">\n\t\t\t\t<div class=\"service-icon-title-wrapper\">\n\t\t\t\t\t\t\t\t\t\t<div class=\"service-icon-wrap\"><i class=\"fa fa-camera\"><\/i><\/div>\n\t\t\t\t\t\t\t\t\t\t\t<\/div>\n\t\t\t\t\t\t\t\t\t\t<h3 class=\"service-title-wrap\">\n\t\t\t\t\tRealidad aumentada\t\t\t\t\t\t\t\t\t\t<\/h3>\n\t\t\t\t\t\t\t\t\t\t<div class=\"service-content-wrap\">Visualiza los muebles en tu hogar a trav\u00e9s de nuestra app 3D y realidad aumentada.<\/div>\n\t\t\t\t\t\t\t\t\t\t<\/div>\n<\/div>\n<\/div><\/div><\/div><\/div><div id=\"pg-gb673-69da0acec47f6-7\"  class=\"panel-grid panel-has-style\" ><div data-overlay-opactity=\"1\" class=\"panel-row-style panel-row-style-for-gb673-69da0acec47f6-7\" ><div id=\"pgc-gb673-69da0acec47f6-7-0\"  class=\"panel-grid-cell\" ><div id=\"panel-gb673-69da0acec47f6-7-0-0\" class=\"so-panel widget widget_sow-editor panel-first-child\" data-index=\"13\" ><div\n\t\t\t\n\t\t\tclass=\"so-widget-sow-editor so-widget-sow-editor-base\"\n\t\t\t\n\t\t>\n<div class=\"siteorigin-widget-tinymce textwidget\">\n\t<h1 style=\"text-align: center;\">Descuentos y Financiamiento<\/h1>\n<\/div>\n<\/div><\/div><div id=\"panel-gb673-69da0acec47f6-7-0-1\" class=\"so-panel widget widget_themegrill_flash_separator tg-widget separator-wrapper panel-last-child\" data-index=\"14\" ><div style='margin-top:20px;margin-bottom:20px'  class=\"separator separator-center\">\n\t<div class='separator-inner' style='width:20px' ><\/div>\t\t<\/div>\n<\/div><\/div><\/div><\/div><div id=\"pg-gb673-69da0acec47f6-8\"  class=\"panel-grid panel-has-style\" ><div data-overlay-opactity=\"1\" class=\"panel-row-style panel-row-style-for-gb673-69da0acec47f6-8\" ><div id=\"pgc-gb673-69da0acec47f6-8-0\"  class=\"panel-grid-cell\" ><div id=\"panel-gb673-69da0acec47f6-8-0-0\" class=\"so-panel widget widget_themegrill_flash_image tg-widget tg-image-widget panel-first-child panel-last-child\" data-index=\"15\" ><div class=\"tg-image-block\">\n\t\t\t<img decoding=\"async\" src=\"https:\/\/industriasim.niixer.com\/wp-content\/uploads\/2023\/08\/Difiere-tus-compras-a-3-meses-y-obten.webp\" alt=\"\" \/>\n\t\t<\/div>\n<\/div><\/div><div id=\"pgc-gb673-69da0acec47f6-8-1\"  class=\"panel-grid-cell\" ><div id=\"panel-gb673-69da0acec47f6-8-1-0\" class=\"so-panel widget widget_themegrill_flash_image tg-widget tg-image-widget panel-first-child\" data-index=\"16\" ><div class=\"tg-image-block\">\n\t\t\t<img decoding=\"async\" src=\"https:\/\/industriasim.niixer.com\/wp-content\/uploads\/2023\/08\/ere-tus-compras-a-3-meses-y-obten-2.webp\" alt=\"Descuento Bancolombia\" \/>\n\t\t<\/div>\n<\/div><div id=\"panel-gb673-69da0acec47f6-8-1-1\" class=\"so-panel widget widget_themegrill_flash_separator tg-widget separator-wrapper\" data-index=\"17\" ><div style='margin-top:20px;margin-bottom:20px'  class=\"separator separator-center\">\n\t<div class='separator-inner' style='width:20px' ><\/div>\t\t<\/div>\n<\/div><div id=\"panel-gb673-69da0acec47f6-8-1-2\" class=\"so-panel widget widget_themegrill_flash_button tg-widget tg-button-widget panel-last-child\" data-index=\"18\" ><div class=\"flash_inherit_color panel-widget-style panel-widget-style-for-gb673-69da0acec47f6-8-1-2\" >\n<div class=\"tg-btn__container tg-btn__container--btn-center\">\n\t\t<a  class=\"tg-button tg-button--round tg-button--large\" href=\"https:\/\/industriasim.niixer.com\/index.php\/shop\/\">\n\t\t<span class=\"tg-button__label\">\u00a1Compra ya!<\/span>\n\t<\/a>\n<\/div>\n<\/div><\/div><\/div><div id=\"pgc-gb673-69da0acec47f6-8-2\"  class=\"panel-grid-cell\" ><div id=\"panel-gb673-69da0acec47f6-8-2-0\" class=\"so-panel widget widget_themegrill_flash_image tg-widget tg-image-widget panel-first-child panel-last-child\" data-index=\"19\" ><div class=\"tg-image-block\">\n\t\t\t<img decoding=\"async\" src=\"https:\/\/industriasim.niixer.com\/wp-content\/uploads\/2023\/08\/ere-tus-compras-a-3-meses-y-obten-3.webp\" alt=\"\" \/>\n\t\t<\/div>\n<\/div><\/div><\/div><\/div><div id=\"pg-gb673-69da0acec47f6-9\"  class=\"panel-grid panel-has-style\" ><div data-overlay-opactity=\"1\" class=\"panel-row-style panel-row-style-for-gb673-69da0acec47f6-9\" ><div id=\"pgc-gb673-69da0acec47f6-9-0\"  class=\"panel-grid-cell\" ><div id=\"panel-gb673-69da0acec47f6-9-0-0\" class=\"so-panel widget widget_themegrill_flash_separator tg-widget separator-wrapper panel-first-child panel-last-child\" data-index=\"20\" ><div style='margin-top:20px;margin-bottom:20px'  class=\"separator separator-center\">\n\t<div class='separator-inner' style='width:20px' ><\/div>\t\t<\/div>\n<\/div><\/div><\/div><\/div><div id=\"pg-gb673-69da0acec47f6-10\"  class=\"panel-grid panel-has-style\" ><div data-overlay-opactity=\"1\" class=\"panel-row-style panel-row-style-for-gb673-69da0acec47f6-10\" ><div id=\"pgc-gb673-69da0acec47f6-10-0\"  class=\"panel-grid-cell\" ><div id=\"panel-gb673-69da0acec47f6-10-0-0\" class=\"so-panel widget widget_themegrill_flash_separator tg-widget separator-wrapper panel-first-child panel-last-child\" data-index=\"21\" ><div style='margin-top:20px;margin-bottom:20px'  class=\"separator separator-center\">\n\t<div class='separator-inner' style='width:20px' ><\/div>\t\t<\/div>\n<\/div><\/div><\/div><\/div><\/div>","protected":false},"excerpt":{"rendered":"","protected":false},"author":2,"featured_media":0,"parent":0,"menu_order":0,"comment_status":"closed","ping_status":"closed","template":"","meta":{"footnotes":""},"class_list":["post-673","page","type-page","status-publish","hentry"],"yoast_head":"<!-- This site is optimized with the Yoast SEO plugin v27.3 - https:\/\/yoast.com\/product\/yoast-seo-wordpress\/ -->\n<title>Servicios - Industrias IM<\/title>\n<meta name=\"robots\" content=\"noindex, follow, max-snippet:-1, max-image-preview:large, max-video-preview:-1\" \/>\n<meta property=\"og:locale\" content=\"es_ES\" \/>\n<meta property=\"og:type\" content=\"article\" \/>\n<meta property=\"og:title\" content=\"Servicios - Industrias IM\" \/>\n<meta property=\"og:url\" content=\"https:\/\/industriasim.niixer.com\/index.php\/servicios\/\" \/>\n<meta property=\"og:site_name\" content=\"Industrias IM\" \/>\n<meta property=\"article:modified_time\" content=\"2023-08-04T20:53:43+00:00\" \/>\n<meta property=\"og:image\" content=\"http:\/\/industriasim.niixer.com\/wp-content\/uploads\/2023\/08\/SLIDEER-DISNEO_Mesa-de-trabajo-1-copia-2-1.webp\" \/>\n<meta name=\"twitter:card\" content=\"summary_large_image\" \/>\n<meta name=\"twitter:label1\" content=\"Tiempo de lectura\" \/>\n\t<meta name=\"twitter:data1\" content=\"2 minutos\" \/>\n<script type=\"application\/ld+json\" class=\"yoast-schema-graph\">{\"@context\":\"https:\\\/\\\/schema.org\",\"@graph\":[{\"@type\":\"WebPage\",\"@id\":\"https:\\\/\\\/industriasim.niixer.com\\\/index.php\\\/servicios\\\/\",\"url\":\"https:\\\/\\\/industriasim.niixer.com\\\/index.php\\\/servicios\\\/\",\"name\":\"Servicios - Industrias IM\",\"isPartOf\":{\"@id\":\"https:\\\/\\\/industriasim.niixer.com\\\/#website\"},\"primaryImageOfPage\":{\"@id\":\"https:\\\/\\\/industriasim.niixer.com\\\/index.php\\\/servicios\\\/#primaryimage\"},\"image\":{\"@id\":\"https:\\\/\\\/industriasim.niixer.com\\\/index.php\\\/servicios\\\/#primaryimage\"},\"thumbnailUrl\":\"http:\\\/\\\/industriasim.niixer.com\\\/wp-content\\\/uploads\\\/2023\\\/08\\\/SLIDEER-DISNEO_Mesa-de-trabajo-1-copia-2-1.webp\",\"datePublished\":\"2023-08-04T01:27:16+00:00\",\"dateModified\":\"2023-08-04T20:53:43+00:00\",\"breadcrumb\":{\"@id\":\"https:\\\/\\\/industriasim.niixer.com\\\/index.php\\\/servicios\\\/#breadcrumb\"},\"inLanguage\":\"es\",\"potentialAction\":[{\"@type\":\"ReadAction\",\"target\":[\"https:\\\/\\\/industriasim.niixer.com\\\/index.php\\\/servicios\\\/\"]}]},{\"@type\":\"ImageObject\",\"inLanguage\":\"es\",\"@id\":\"https:\\\/\\\/industriasim.niixer.com\\\/index.php\\\/servicios\\\/#primaryimage\",\"url\":\"http:\\\/\\\/industriasim.niixer.com\\\/wp-content\\\/uploads\\\/2023\\\/08\\\/SLIDEER-DISNEO_Mesa-de-trabajo-1-copia-2-1.webp\",\"contentUrl\":\"http:\\\/\\\/industriasim.niixer.com\\\/wp-content\\\/uploads\\\/2023\\\/08\\\/SLIDEER-DISNEO_Mesa-de-trabajo-1-copia-2-1.webp\"},{\"@type\":\"BreadcrumbList\",\"@id\":\"https:\\\/\\\/industriasim.niixer.com\\\/index.php\\\/servicios\\\/#breadcrumb\",\"itemListElement\":[{\"@type\":\"ListItem\",\"position\":1,\"name\":\"Portada\",\"item\":\"https:\\\/\\\/industriasim.niixer.com\\\/\"},{\"@type\":\"ListItem\",\"position\":2,\"name\":\"Servicios\"}]},{\"@type\":\"WebSite\",\"@id\":\"https:\\\/\\\/industriasim.niixer.com\\\/#website\",\"url\":\"https:\\\/\\\/industriasim.niixer.com\\\/\",\"name\":\"Industrias IM\",\"description\":\"\u00bfTe imaginas vivir en un hogar que refleje tu personalidad, tu estilo y tus sue\u00f1os? En Industrias IM, creemos que cada espacio es una oportunidad para crear algo \u00fanico, c\u00f3modo y funcional.\",\"publisher\":{\"@id\":\"https:\\\/\\\/industriasim.niixer.com\\\/#organization\"},\"potentialAction\":[{\"@type\":\"SearchAction\",\"target\":{\"@type\":\"EntryPoint\",\"urlTemplate\":\"https:\\\/\\\/industriasim.niixer.com\\\/?s={search_term_string}\"},\"query-input\":{\"@type\":\"PropertyValueSpecification\",\"valueRequired\":true,\"valueName\":\"search_term_string\"}}],\"inLanguage\":\"es\"},{\"@type\":\"Organization\",\"@id\":\"https:\\\/\\\/industriasim.niixer.com\\\/#organization\",\"name\":\"Industrias IM\",\"alternateName\":\"Industrias IM\",\"url\":\"https:\\\/\\\/industriasim.niixer.com\\\/\",\"logo\":{\"@type\":\"ImageObject\",\"inLanguage\":\"es\",\"@id\":\"https:\\\/\\\/industriasim.niixer.com\\\/#\\\/schema\\\/logo\\\/image\\\/\",\"url\":\"https:\\\/\\\/industriasim.niixer.com\\\/wp-content\\\/uploads\\\/2023\\\/08\\\/cropped-cropped-WhatsApp_Image_2023-08-01_at_7.39.48_PM-removebg-preview-1.png\",\"contentUrl\":\"https:\\\/\\\/industriasim.niixer.com\\\/wp-content\\\/uploads\\\/2023\\\/08\\\/cropped-cropped-WhatsApp_Image_2023-08-01_at_7.39.48_PM-removebg-preview-1.png\",\"width\":512,\"height\":512,\"caption\":\"Industrias IM\"},\"image\":{\"@id\":\"https:\\\/\\\/industriasim.niixer.com\\\/#\\\/schema\\\/logo\\\/image\\\/\"}}]}<\/script>\n<!-- \/ Yoast SEO plugin. -->","yoast_head_json":{"title":"Servicios - Industrias IM","robots":{"index":"noindex","follow":"follow","max-snippet":"max-snippet:-1","max-image-preview":"max-image-preview:large","max-video-preview":"max-video-preview:-1"},"og_locale":"es_ES","og_type":"article","og_title":"Servicios - Industrias IM","og_url":"https:\/\/industriasim.niixer.com\/index.php\/servicios\/","og_site_name":"Industrias IM","article_modified_time":"2023-08-04T20:53:43+00:00","og_image":[{"url":"http:\/\/industriasim.niixer.com\/wp-content\/uploads\/2023\/08\/SLIDEER-DISNEO_Mesa-de-trabajo-1-copia-2-1.webp","type":"","width":"","height":""}],"twitter_card":"summary_large_image","twitter_misc":{"Tiempo de lectura":"2 minutos"},"schema":{"@context":"https:\/\/schema.org","@graph":[{"@type":"WebPage","@id":"https:\/\/industriasim.niixer.com\/index.php\/servicios\/","url":"https:\/\/industriasim.niixer.com\/index.php\/servicios\/","name":"Servicios - Industrias IM","isPartOf":{"@id":"https:\/\/industriasim.niixer.com\/#website"},"primaryImageOfPage":{"@id":"https:\/\/industriasim.niixer.com\/index.php\/servicios\/#primaryimage"},"image":{"@id":"https:\/\/industriasim.niixer.com\/index.php\/servicios\/#primaryimage"},"thumbnailUrl":"http:\/\/industriasim.niixer.com\/wp-content\/uploads\/2023\/08\/SLIDEER-DISNEO_Mesa-de-trabajo-1-copia-2-1.webp","datePublished":"2023-08-04T01:27:16+00:00","dateModified":"2023-08-04T20:53:43+00:00","breadcrumb":{"@id":"https:\/\/industriasim.niixer.com\/index.php\/servicios\/#breadcrumb"},"inLanguage":"es","potentialAction":[{"@type":"ReadAction","target":["https:\/\/industriasim.niixer.com\/index.php\/servicios\/"]}]},{"@type":"ImageObject","inLanguage":"es","@id":"https:\/\/industriasim.niixer.com\/index.php\/servicios\/#primaryimage","url":"http:\/\/industriasim.niixer.com\/wp-content\/uploads\/2023\/08\/SLIDEER-DISNEO_Mesa-de-trabajo-1-copia-2-1.webp","contentUrl":"http:\/\/industriasim.niixer.com\/wp-content\/uploads\/2023\/08\/SLIDEER-DISNEO_Mesa-de-trabajo-1-copia-2-1.webp"},{"@type":"BreadcrumbList","@id":"https:\/\/industriasim.niixer.com\/index.php\/servicios\/#breadcrumb","itemListElement":[{"@type":"ListItem","position":1,"name":"Portada","item":"https:\/\/industriasim.niixer.com\/"},{"@type":"ListItem","position":2,"name":"Servicios"}]},{"@type":"WebSite","@id":"https:\/\/industriasim.niixer.com\/#website","url":"https:\/\/industriasim.niixer.com\/","name":"Industrias IM","description":"\u00bfTe imaginas vivir en un hogar que refleje tu personalidad, tu estilo y tus sue\u00f1os? En Industrias IM, creemos que cada espacio es una oportunidad para crear algo \u00fanico, c\u00f3modo y funcional.","publisher":{"@id":"https:\/\/industriasim.niixer.com\/#organization"},"potentialAction":[{"@type":"SearchAction","target":{"@type":"EntryPoint","urlTemplate":"https:\/\/industriasim.niixer.com\/?s={search_term_string}"},"query-input":{"@type":"PropertyValueSpecification","valueRequired":true,"valueName":"search_term_string"}}],"inLanguage":"es"},{"@type":"Organization","@id":"https:\/\/industriasim.niixer.com\/#organization","name":"Industrias IM","alternateName":"Industrias IM","url":"https:\/\/industriasim.niixer.com\/","logo":{"@type":"ImageObject","inLanguage":"es","@id":"https:\/\/industriasim.niixer.com\/#\/schema\/logo\/image\/","url":"https:\/\/industriasim.niixer.com\/wp-content\/uploads\/2023\/08\/cropped-cropped-WhatsApp_Image_2023-08-01_at_7.39.48_PM-removebg-preview-1.png","contentUrl":"https:\/\/industriasim.niixer.com\/wp-content\/uploads\/2023\/08\/cropped-cropped-WhatsApp_Image_2023-08-01_at_7.39.48_PM-removebg-preview-1.png","width":512,"height":512,"caption":"Industrias IM"},"image":{"@id":"https:\/\/industriasim.niixer.com\/#\/schema\/logo\/image\/"}}]}},"_links":{"self":[{"href":"https:\/\/industriasim.niixer.com\/index.php\/wp-json\/wp\/v2\/pages\/673","targetHints":{"allow":["GET"]}}],"collection":[{"href":"https:\/\/industriasim.niixer.com\/index.php\/wp-json\/wp\/v2\/pages"}],"about":[{"href":"https:\/\/industriasim.niixer.com\/index.php\/wp-json\/wp\/v2\/types\/page"}],"author":[{"embeddable":true,"href":"https:\/\/industriasim.niixer.com\/index.php\/wp-json\/wp\/v2\/users\/2"}],"replies":[{"embeddable":true,"href":"https:\/\/industriasim.niixer.com\/index.php\/wp-json\/wp\/v2\/comments?post=673"}],"version-history":[{"count":4,"href":"https:\/\/industriasim.niixer.com\/index.php\/wp-json\/wp\/v2\/pages\/673\/revisions"}],"predecessor-version":[{"id":755,"href":"https:\/\/industriasim.niixer.com\/index.php\/wp-json\/wp\/v2\/pages\/673\/revisions\/755"}],"wp:attachment":[{"href":"https:\/\/industriasim.niixer.com\/index.php\/wp-json\/wp\/v2\/media?parent=673"}],"curies":[{"name":"wp","href":"https:\/\/api.w.org\/{rel}","templated":true}]}}