{"id":13,"date":"2017-01-05T09:40:25","date_gmt":"2017-01-05T08:40:25","guid":{"rendered":"https:\/\/demo.themegrill.com\/flash-pro-store\/?page_id=13"},"modified":"2023-08-01T20:47:08","modified_gmt":"2023-08-02T01:47:08","slug":"contact","status":"publish","type":"page","link":"https:\/\/industriasim.niixer.com\/index.php\/contact\/","title":{"rendered":"Cont\u00e1ctenos"},"content":{"rendered":"<div id=\"pl-13\"  class=\"panel-layout\" ><div id=\"pg-13-0\"  class=\"panel-grid panel-has-style\" ><div data-overlay-opactity=\"1\" class=\"panel-row-style panel-row-style-for-13-0\" ><div id=\"pgc-13-0-0\"  class=\"panel-grid-cell\" ><div id=\"panel-13-0-0-0\" class=\"so-panel widget widget_themegrill_flash_service tg-widget tg-single-service panel-first-child panel-last-child\" data-index=\"0\" ><div class=\"tg-service-widget tg-service-layout-3\">\n\t<div class=\"service-wrapper\">\n\t\t\t\t\t\t\t\t\t<div class=\"service-icon-wrap\"><i class=\"fa fa-phone\"><\/i><\/div>\n\t\t\t\t\t\t\t\t\t\t\t\t\t<div class=\"service-title-description-wrapper\">\n\t\t\t\t\t\t\t\t\t\t<h3 class=\"service-title-wrap\">\n\t\t\t\t\tTel\u00e9fono\t\t\t\t\t\t\t\t\t\t<\/h3>\n\t\t\t\t\t\t\t\t\t\t<div class=\"service-content-wrap\">3506910571<\/div>\n\t\t\t\t\t\t\t\t\t\t\t<\/div><!-- .service-title-description-wrapper -->\n\t\t<\/div>\n<\/div>\n<\/div><\/div><div id=\"pgc-13-0-1\"  class=\"panel-grid-cell\" ><div id=\"panel-13-0-1-0\" class=\"so-panel widget widget_themegrill_flash_service tg-widget tg-single-service panel-first-child panel-last-child\" data-index=\"1\" ><div class=\"tg-service-widget tg-service-layout-3\">\n\t<div class=\"service-wrapper\">\n\t\t\t\t\t\t\t\t\t<div class=\"service-icon-wrap\"><i class=\"fa fa-envelope-o\"><\/i><\/div>\n\t\t\t\t\t\t\t\t\t\t\t\t\t<div class=\"service-title-description-wrapper\">\n\t\t\t\t\t\t\t\t\t\t<h3 class=\"service-title-wrap\">\n\t\t\t\t\tCorreo electr\u00f3nico\t\t\t\t\t\t\t\t\t\t<\/h3>\n\t\t\t\t\t\t\t\t\t\t<div class=\"service-content-wrap\">industriasIM@gmail.com<\/div>\n\t\t\t\t\t\t\t\t\t\t\t<\/div><!-- .service-title-description-wrapper -->\n\t\t<\/div>\n<\/div>\n<\/div><\/div><div id=\"pgc-13-0-2\"  class=\"panel-grid-cell\" ><div id=\"panel-13-0-2-0\" class=\"so-panel widget widget_themegrill_flash_service tg-widget tg-single-service panel-first-child panel-last-child\" data-index=\"2\" ><div class=\"tg-service-widget tg-service-layout-3\">\n\t<div class=\"service-wrapper\">\n\t\t\t\t\t\t\t\t\t<div class=\"service-icon-wrap\"><i class=\"fa fa-globe\"><\/i><\/div>\n\t\t\t\t\t\t\t\t\t\t\t\t\t<div class=\"service-title-description-wrapper\">\n\t\t\t\t\t\t\t\t\t\t<h3 class=\"service-title-wrap\">\n\t\t\t\t\tSitio web\t\t\t\t\t\t\t\t\t\t<\/h3>\n\t\t\t\t\t\t\t\t\t\t<div class=\"service-content-wrap\">www.industriasIM.com<\/div>\n\t\t\t\t\t\t\t\t\t\t\t<\/div><!-- .service-title-description-wrapper -->\n\t\t<\/div>\n<\/div>\n<\/div><\/div><\/div><\/div><div id=\"pg-13-1\"  class=\"panel-grid panel-has-style\" ><div data-overlay-opactity=\"1\" class=\"panel-row-style panel-row-style-for-13-1\" ><div id=\"pgc-13-1-0\"  class=\"panel-grid-cell\" ><div id=\"panel-13-1-0-0\" class=\"so-panel widget widget_text panel-first-child panel-last-child\" data-index=\"3\" ><h3 class=\"widget-title\">Solicita una cotizaci\u00f3n<\/h3>\t\t\t<div class=\"textwidget\"><p><span style=\"vertical-align: inherit;\"><span style=\"vertical-align: inherit;\"><div class=\"everest-forms\"><div class=\"evf-container default\" id=\"evf-213\"><form id=\"evf-form-213\" class=\"everest-form\" data-formid=\"213\" data-ajax_submission=\"0\" data-keyboard_friendly_form=\"0\" data-form_state_type=\"\" method=\"post\" enctype=\"multipart\/form-data\" action=\"\/index.php\/wp-json\/wp\/v2\/pages\/13\"><div class=\"evf-field-container\"><input type=\"hidden\" id=\"_wpnonce213\" name=\"_wpnonce213\" value=\"93af4fbbca\" \/><input type=\"hidden\" name=\"_wp_http_referer\" value=\"\/index.php\/wp-json\/wp\/v2\/pages\/13\" \/><div class=\"evf-frontend-row\" data-row=\"row_1\" conditional_rules=\"[]\"><div class=\"evf-frontend-grid evf-grid-1\" data-grid=\"grid_1\"><div id=\"evf-213-field_lVizlNhYus-1-container\" class=\"evf-field evf-field-text form-row validate-required\" data-required-field-message=\"Este campo es obligatorio.\" data-field-id=\"lVizlNhYus-1\"><label class=\"evf-field-label\" for=\"evf-213-field_lVizlNhYus-1\"><span class=\"evf-label\">Name<\/span> <abbr class=\"required\" title=\"Obligatorio\">*<\/abbr><\/label><input type=\"text\" id=\"evf-213-field_lVizlNhYus-1\" class=\"input-text\" name=\"everest_forms[form_fields][lVizlNhYus-1]\" required><\/div><div id=\"evf-213-field_XYnMdkQDKM-3-container\" class=\"evf-field evf-field-email form-row validate-required validate-email\" data-required-field-message=\"Por favor, introduce una direcci\u00f3n de correo electr\u00f3nico v\u00e1lida.\" data-field-id=\"XYnMdkQDKM-3\"><label class=\"evf-field-label\" for=\"evf-213-field_XYnMdkQDKM-3\"><span class=\"evf-label\">Email<\/span> <abbr class=\"required\" title=\"Obligatorio\">*<\/abbr><\/label><input type=\"email\" id=\"evf-213-field_XYnMdkQDKM-3\" class=\"input-text\" name=\"everest_forms[form_fields][XYnMdkQDKM-3]\" required ><\/div><div id=\"evf-213-field_xJivsqAS2c-2-container\" class=\"evf-field evf-field-text form-row validate-required\" data-required-field-message=\"Este campo es obligatorio.\" data-field-id=\"xJivsqAS2c-2\"><label class=\"evf-field-label\" for=\"evf-213-field_xJivsqAS2c-2\"><span class=\"evf-label\">Subject<\/span> <abbr class=\"required\" title=\"Obligatorio\">*<\/abbr><\/label><input type=\"text\" id=\"evf-213-field_xJivsqAS2c-2\" class=\"input-text\" name=\"everest_forms[form_fields][xJivsqAS2c-2]\" required><\/div><div id=\"evf-213-field_YalaPcQ0DO-4-container\" class=\"evf-field evf-field-textarea form-row\" data-field-id=\"YalaPcQ0DO-4\"><label class=\"evf-field-label\" for=\"evf-213-field_YalaPcQ0DO-4\"><span class=\"evf-label\">Message<\/span> <\/label><textarea id=\"evf-213-field_YalaPcQ0DO-4\" class=\"input-text\" name=\"everest_forms[form_fields][YalaPcQ0DO-4]\"  ><\/textarea><\/div><\/div><\/div><\/div><div class=\"evf-submit-container \" ><input type=\"hidden\" name=\"everest_forms[id]\" value=\"213\"><input type=\"hidden\" name=\"everest_forms[author]\" value=\"1\"><button type='submit' name='everest_forms[submit]' class='everest-forms-submit-button button evf-submit ' id='evf-submit-213' value='evf-submit' data-process-text=\"Procesando...\" conditional_rules='&quot;&quot;' conditional_id='evf-submit-213'  id=\"evf-submit-213\" aria-live=\"assertive\">Submit<\/button><\/div><\/form><\/div><!-- .evf-container --><\/div><\/span><\/span><\/p>\n<\/div>\n\t\t<\/div><\/div><\/div><\/div><div id=\"pg-13-2\"  class=\"panel-grid panel-has-style\" ><div data-overlay-opactity=\"1\" class=\"panel-row-style panel-row-style-for-13-2\" ><div id=\"pgc-13-2-0\"  class=\"panel-grid-cell\" ><div id=\"panel-13-2-0-0\" class=\"widget_text so-panel widget widget_custom_html panel-first-child panel-last-child\" data-index=\"4\" ><h3 class=\"widget-title\">Vis\u00edtanos<\/h3><div class=\"textwidget custom-html-widget\"><iframe src=\"https:\/\/www.google.com\/maps\/embed?pb=!1m18!1m12!1m3!1d15908.555228403287!2d-74.12137368772599!3d4.569066116082427!2m3!1f0!2f0!3f0!3m2!1i1024!2i768!4f13.1!3m3!1m2!1s0x8e3f98ecbd33f73b%3A0xfe0dc3eab4eae831!2sINDUSTRIAS%20ISIMAR!5e0!3m2!1ses!2sco!4v1690508044453!5m2!1ses!2sco\" width=\"1200\" height=\"300\" style=\"border:0;\" allowfullscreen=\"\" loading=\"lazy\" referrerpolicy=\"no-referrer-when-downgrade\"><\/iframe><\/div><\/div><\/div><\/div><\/div><div id=\"pg-13-3\"  class=\"panel-grid panel-has-style\" ><div data-overlay-opactity=\"1\" class=\"panel-row-style panel-row-style-for-13-3\" ><div id=\"pgc-13-3-0\"  class=\"panel-grid-cell panel-grid-cell-empty\" ><\/div><div id=\"pgc-13-3-1\"  class=\"panel-grid-cell panel-grid-cell-empty\" ><\/div><div id=\"pgc-13-3-2\"  class=\"panel-grid-cell panel-grid-cell-empty panel-grid-cell-mobile-last\" ><\/div><div id=\"pgc-13-3-3\"  class=\"panel-grid-cell panel-grid-cell-empty\" ><\/div><\/div><\/div><\/div>","protected":false},"excerpt":{"rendered":"<p>Tel\u00e9fono 3506910571 Correo electr\u00f3nico industriasIM@gmail.com Sitio web www.industriasIM.com Solicita una cotizaci\u00f3n Name *Email *Subject *Message Submit Vis\u00edtanos<\/p>\n","protected":false},"author":1,"featured_media":0,"parent":0,"menu_order":0,"comment_status":"closed","ping_status":"closed","template":"page-templates\/full-width.php","meta":{"footnotes":""},"class_list":["post-13","page","type-page","status-publish","hentry"],"yoast_head":"<!-- This site is optimized with the Yoast SEO plugin v27.3 - https:\/\/yoast.com\/product\/yoast-seo-wordpress\/ -->\n<title>Cont\u00e1ctenos - Industrias IM<\/title>\n<meta name=\"robots\" content=\"noindex, follow, max-snippet:-1, max-image-preview:large, max-video-preview:-1\" \/>\n<meta property=\"og:locale\" content=\"es_ES\" \/>\n<meta property=\"og:type\" content=\"article\" \/>\n<meta property=\"og:title\" content=\"Cont\u00e1ctenos - Industrias IM\" \/>\n<meta property=\"og:description\" content=\"Tel\u00e9fono 3506910571 Correo electr\u00f3nico industriasIM@gmail.com Sitio web www.industriasIM.com Solicita una cotizaci\u00f3n Name *Email *Subject *Message Submit Vis\u00edtanos\" \/>\n<meta property=\"og:url\" content=\"https:\/\/industriasim.niixer.com\/index.php\/contact\/\" \/>\n<meta property=\"og:site_name\" content=\"Industrias IM\" \/>\n<meta property=\"article:modified_time\" content=\"2023-08-02T01:47:08+00:00\" \/>\n<meta name=\"twitter:card\" content=\"summary_large_image\" \/>\n<script type=\"application\/ld+json\" class=\"yoast-schema-graph\">{\"@context\":\"https:\\\/\\\/schema.org\",\"@graph\":[{\"@type\":\"WebPage\",\"@id\":\"https:\\\/\\\/industriasim.niixer.com\\\/index.php\\\/contact\\\/\",\"url\":\"https:\\\/\\\/industriasim.niixer.com\\\/index.php\\\/contact\\\/\",\"name\":\"Cont\u00e1ctenos - Industrias IM\",\"isPartOf\":{\"@id\":\"https:\\\/\\\/industriasim.niixer.com\\\/#website\"},\"datePublished\":\"2017-01-05T08:40:25+00:00\",\"dateModified\":\"2023-08-02T01:47:08+00:00\",\"breadcrumb\":{\"@id\":\"https:\\\/\\\/industriasim.niixer.com\\\/index.php\\\/contact\\\/#breadcrumb\"},\"inLanguage\":\"es\",\"potentialAction\":[{\"@type\":\"ReadAction\",\"target\":[\"https:\\\/\\\/industriasim.niixer.com\\\/index.php\\\/contact\\\/\"]}]},{\"@type\":\"BreadcrumbList\",\"@id\":\"https:\\\/\\\/industriasim.niixer.com\\\/index.php\\\/contact\\\/#breadcrumb\",\"itemListElement\":[{\"@type\":\"ListItem\",\"position\":1,\"name\":\"Portada\",\"item\":\"https:\\\/\\\/industriasim.niixer.com\\\/\"},{\"@type\":\"ListItem\",\"position\":2,\"name\":\"Cont\u00e1ctenos\"}]},{\"@type\":\"WebSite\",\"@id\":\"https:\\\/\\\/industriasim.niixer.com\\\/#website\",\"url\":\"https:\\\/\\\/industriasim.niixer.com\\\/\",\"name\":\"Industrias IM\",\"description\":\"\u00bfTe imaginas vivir en un hogar que refleje tu personalidad, tu estilo y tus sue\u00f1os? En Industrias IM, creemos que cada espacio es una oportunidad para crear algo \u00fanico, c\u00f3modo y funcional.\",\"publisher\":{\"@id\":\"https:\\\/\\\/industriasim.niixer.com\\\/#organization\"},\"potentialAction\":[{\"@type\":\"SearchAction\",\"target\":{\"@type\":\"EntryPoint\",\"urlTemplate\":\"https:\\\/\\\/industriasim.niixer.com\\\/?s={search_term_string}\"},\"query-input\":{\"@type\":\"PropertyValueSpecification\",\"valueRequired\":true,\"valueName\":\"search_term_string\"}}],\"inLanguage\":\"es\"},{\"@type\":\"Organization\",\"@id\":\"https:\\\/\\\/industriasim.niixer.com\\\/#organization\",\"name\":\"Industrias IM\",\"alternateName\":\"Industrias IM\",\"url\":\"https:\\\/\\\/industriasim.niixer.com\\\/\",\"logo\":{\"@type\":\"ImageObject\",\"inLanguage\":\"es\",\"@id\":\"https:\\\/\\\/industriasim.niixer.com\\\/#\\\/schema\\\/logo\\\/image\\\/\",\"url\":\"https:\\\/\\\/industriasim.niixer.com\\\/wp-content\\\/uploads\\\/2023\\\/08\\\/cropped-cropped-WhatsApp_Image_2023-08-01_at_7.39.48_PM-removebg-preview-1.png\",\"contentUrl\":\"https:\\\/\\\/industriasim.niixer.com\\\/wp-content\\\/uploads\\\/2023\\\/08\\\/cropped-cropped-WhatsApp_Image_2023-08-01_at_7.39.48_PM-removebg-preview-1.png\",\"width\":512,\"height\":512,\"caption\":\"Industrias IM\"},\"image\":{\"@id\":\"https:\\\/\\\/industriasim.niixer.com\\\/#\\\/schema\\\/logo\\\/image\\\/\"}}]}<\/script>\n<!-- \/ Yoast SEO plugin. -->","yoast_head_json":{"title":"Cont\u00e1ctenos - Industrias IM","robots":{"index":"noindex","follow":"follow","max-snippet":"max-snippet:-1","max-image-preview":"max-image-preview:large","max-video-preview":"max-video-preview:-1"},"og_locale":"es_ES","og_type":"article","og_title":"Cont\u00e1ctenos - Industrias IM","og_description":"Tel\u00e9fono 3506910571 Correo electr\u00f3nico industriasIM@gmail.com Sitio web www.industriasIM.com Solicita una cotizaci\u00f3n Name *Email *Subject *Message Submit Vis\u00edtanos","og_url":"https:\/\/industriasim.niixer.com\/index.php\/contact\/","og_site_name":"Industrias IM","article_modified_time":"2023-08-02T01:47:08+00:00","twitter_card":"summary_large_image","schema":{"@context":"https:\/\/schema.org","@graph":[{"@type":"WebPage","@id":"https:\/\/industriasim.niixer.com\/index.php\/contact\/","url":"https:\/\/industriasim.niixer.com\/index.php\/contact\/","name":"Cont\u00e1ctenos - Industrias IM","isPartOf":{"@id":"https:\/\/industriasim.niixer.com\/#website"},"datePublished":"2017-01-05T08:40:25+00:00","dateModified":"2023-08-02T01:47:08+00:00","breadcrumb":{"@id":"https:\/\/industriasim.niixer.com\/index.php\/contact\/#breadcrumb"},"inLanguage":"es","potentialAction":[{"@type":"ReadAction","target":["https:\/\/industriasim.niixer.com\/index.php\/contact\/"]}]},{"@type":"BreadcrumbList","@id":"https:\/\/industriasim.niixer.com\/index.php\/contact\/#breadcrumb","itemListElement":[{"@type":"ListItem","position":1,"name":"Portada","item":"https:\/\/industriasim.niixer.com\/"},{"@type":"ListItem","position":2,"name":"Cont\u00e1ctenos"}]},{"@type":"WebSite","@id":"https:\/\/industriasim.niixer.com\/#website","url":"https:\/\/industriasim.niixer.com\/","name":"Industrias IM","description":"\u00bfTe imaginas vivir en un hogar que refleje tu personalidad, tu estilo y tus sue\u00f1os? En Industrias IM, creemos que cada espacio es una oportunidad para crear algo \u00fanico, c\u00f3modo y funcional.","publisher":{"@id":"https:\/\/industriasim.niixer.com\/#organization"},"potentialAction":[{"@type":"SearchAction","target":{"@type":"EntryPoint","urlTemplate":"https:\/\/industriasim.niixer.com\/?s={search_term_string}"},"query-input":{"@type":"PropertyValueSpecification","valueRequired":true,"valueName":"search_term_string"}}],"inLanguage":"es"},{"@type":"Organization","@id":"https:\/\/industriasim.niixer.com\/#organization","name":"Industrias IM","alternateName":"Industrias IM","url":"https:\/\/industriasim.niixer.com\/","logo":{"@type":"ImageObject","inLanguage":"es","@id":"https:\/\/industriasim.niixer.com\/#\/schema\/logo\/image\/","url":"https:\/\/industriasim.niixer.com\/wp-content\/uploads\/2023\/08\/cropped-cropped-WhatsApp_Image_2023-08-01_at_7.39.48_PM-removebg-preview-1.png","contentUrl":"https:\/\/industriasim.niixer.com\/wp-content\/uploads\/2023\/08\/cropped-cropped-WhatsApp_Image_2023-08-01_at_7.39.48_PM-removebg-preview-1.png","width":512,"height":512,"caption":"Industrias IM"},"image":{"@id":"https:\/\/industriasim.niixer.com\/#\/schema\/logo\/image\/"}}]}},"_links":{"self":[{"href":"https:\/\/industriasim.niixer.com\/index.php\/wp-json\/wp\/v2\/pages\/13","targetHints":{"allow":["GET"]}}],"collection":[{"href":"https:\/\/industriasim.niixer.com\/index.php\/wp-json\/wp\/v2\/pages"}],"about":[{"href":"https:\/\/industriasim.niixer.com\/index.php\/wp-json\/wp\/v2\/types\/page"}],"author":[{"embeddable":true,"href":"https:\/\/industriasim.niixer.com\/index.php\/wp-json\/wp\/v2\/users\/1"}],"replies":[{"embeddable":true,"href":"https:\/\/industriasim.niixer.com\/index.php\/wp-json\/wp\/v2\/comments?post=13"}],"version-history":[{"count":19,"href":"https:\/\/industriasim.niixer.com\/index.php\/wp-json\/wp\/v2\/pages\/13\/revisions"}],"predecessor-version":[{"id":511,"href":"https:\/\/industriasim.niixer.com\/index.php\/wp-json\/wp\/v2\/pages\/13\/revisions\/511"}],"wp:attachment":[{"href":"https:\/\/industriasim.niixer.com\/index.php\/wp-json\/wp\/v2\/media?parent=13"}],"curies":[{"name":"wp","href":"https:\/\/api.w.org\/{rel}","templated":true}]}}